{"id":39233,"date":"2019-11-23T18:56:10","date_gmt":"2019-11-23T18:56:10","guid":{"rendered":"https:\/\/salesdorado.com\/staging\/?page_id=39233"},"modified":"2023-05-15T15:05:27","modified_gmt":"2023-05-15T15:05:27","slug":"cold-emailing","status":"publish","type":"page","link":"https:\/\/salesdorado.com\/es\/cold-emailing\/","title":{"rendered":"Prospecci\u00f3n por correo electr\u00f3nico"},"content":{"rendered":"<p>\u00bfCu\u00e1nto vale realmente el marketing por correo electr\u00f3nico? A menudo es muy popular porque la gente piensa que pasa mucho menos tiempo enviando un correo electr\u00f3nico que haciendo una llamada telef\u00f3nica. Mucha gente sue\u00f1a con campa\u00f1as masivas en las que se env\u00eda el mismo mensaje a varios miles de clientes potenciales.<\/p>\n<p>Pero casi nunca se convierte. El correo electr\u00f3nico en fr\u00edo tiene sentido cuando se dirige a grandes organizaciones y para ventas complejas. Pero esto significa invertir en la calidad de su base de datos de prospecci\u00f3n al menos tanto como lo har\u00eda en un equipo de prospecci\u00f3n telef\u00f3nica.<\/p>\n<p>Existen muy buenas bases de datos B2B, que puede enriquecer para cualificar mejor a sus clientes potenciales. Las herramientas de correo en fr\u00edo suelen ser inversiones realmente rentables: desde la automatizaci\u00f3n hasta la elaboraci\u00f3n de informes sobre sus campa\u00f1as, pueden ahorrarle tiempo y dinero.<\/p>\n<p>Una buena campa\u00f1a de correo electr\u00f3nico en fr\u00edo requiere al menos el mismo tiempo que una campa\u00f1a de prospecci\u00f3n telef\u00f3nica. El problema es que el tiempo dedicado a cualificar a los clientes potenciales suele costar menos&#8230;<\/p>\n<div class=\"blocTips success-light\">\n<p><i class=\"fa fa-book\"><\/i><span class=\"title is-5\">Ir m\u00e1s lejos<\/span><\/p>\n<ul>\n<li><a href=\"https:\/\/salesdorado.com\/es\/captacion-clientes\/correos-electronicos-de-prospeccion-b2b\/\">Cold emailing B2B: la Biblia<\/a><\/li>\n<li><a href=\"https:\/\/salesdorado.com\/es\/captacion-clientes\/cifras-de-email-marketing\/\">8 datos sobre el marketing por correo electr\u00f3nico<\/a><\/li>\n<li><a href=\"https:\/\/salesdorado.com\/es\/herramientas-prospeccion\/herramientas-de-envio-en-frio\/\">Las 20 mejores herramientas de correo en fr\u00edo<\/a><\/li>\n<\/ul>\n<\/div>\n<h2><span class=\"ez-toc-section\" id=\"1-construye-tu-archivo-de-cold-emailing\"><\/span><span class=\"ez-toc-section\" id=\"1-construye-tu-archivo-de-cold-emailing\"><\/span>#1 Construye tu archivo de cold emailing<span class=\"ez-toc-section-end\"><\/span><span class=\"ez-toc-section-end\"><\/span><\/h2>\n<p>Aunque la prospecci\u00f3n por correo electr\u00f3nico ahorra tiempo en comparaci\u00f3n con la prospecci\u00f3n telef\u00f3nica, no le exime de saltarse la fase de cualificaci\u00f3n.<\/p>\n<p>El escollo que hay que evitar a toda costa a la hora de crear su fichero de prospecci\u00f3n por correo electr\u00f3nico es el \u00edndice de invalidez de los mensajes.<\/p>\n<p>Cuando se trata de la entregabilidad, hay diferentes criterios en juego, pero enviar correos electr\u00f3nicos a destinatarios inexistentes corre el riesgo de reducir su tasa de entregabilidad; peor a\u00fan, puede da\u00f1ar la reputaci\u00f3n de su nombre de dominio remitente. Por lo tanto, es esencial comprobar la existencia de direcciones de correo electr\u00f3nico en su lista de contactos.<\/p>\n<p>De ah\u00ed el inter\u00e9s de constituir (o comprar) un fichero de prospecci\u00f3n de calidad buscando la informaci\u00f3n adecuada, y depurando regularmente sus listas para que est\u00e9n actualizadas.<\/p>\n<div class=\"blocTips success-light\">\n<p><i class=\"fa fa-book\"><\/i><span class=\"title is-5\">Ir m\u00e1s lejos<\/span><\/p>\n<ul>\n<li><\/li>\n<li><a href=\"https:\/\/salesdorado.com\/es\/herramientas-prospeccion\/los-mejores-buscadores-de-correos-electronicos\/\">Los 10 mejores buscadores de correo electr\u00f3nico en Francia<\/a><\/li>\n<li><a href=\"https:\/\/salesdorado.com\/es\/captacion-clientes\/encontrar-el-correo-electronico-de-forma-gratuita\/\">C\u00f3mo encontrar la direcci\u00f3n de correo electr\u00f3nico de cualquier persona (gratis)<\/a><\/li>\n<li><a href=\"https:\/\/salesdorado.com\/es\/automatizacion\/herramientas-comprobar-listas-de-correo-electronico\/\">Las 10 mejores herramientas de limpieza de listas de correo electr\u00f3nico<\/a><\/li>\n<li><a href=\"https:\/\/salesdorado.com\/es\/captacion-clientes\/encontrar-el-correo-electronico-de-forma-gratuita\/\">Alquilar o comprar un archivo de correo electr\u00f3nico: \u00bfd\u00f3nde, c\u00f3mo y a qui\u00e9n?<\/a><\/li>\n<li><a class=\"\" href=\"https:\/\/salesdorado.com\/es\/captacion-clientes\/guia-de-entrega-de-correo-electronico\/\" target=\"_blank;\" rel=\"noopener\">Gu\u00eda de entregabilidad: limpie su base de datos de clientes<\/a><\/li>\n<\/ul>\n<\/div>\n<p>Tambi\u00e9n puede partir de bases de datos existentes y enriquecerlas (desde su CRM, por ejemplo).<\/p>\n<div class=\"blocTips success-light\">\n<p><i class=\"fa fa-book\"><\/i><span class=\"title is-5\">Ir m\u00e1s lejos<\/span><\/p>\n<ul>\n<li><a href=\"\/go\/societeinfo\">Soci\u00e9t\u00e9 Info: enriquecimiento de datos B2B<\/a><\/li>\n<li><a href=\"https:\/\/salesdorado.com\/es\/automatizacion\/enriquecimiento-email\/\">Email Enrichment &#8211; Casos pr\u00e1cticos y funcionamiento<\/a><\/li>\n<li><a href=\"https:\/\/salesdorado.com\/es\/automatizacion\/herramientas-de-enriquecimiento-de-datos-b2b\/\">Enriquecimiento de datos en B2B &#8211; Herramientas y mejores pr\u00e1cticas<\/a><\/li>\n<li><a href=\"https:\/\/salesdorado.com\/es\/herramientas-prospeccion\/las-mejores-soluciones-de-enriquecimiento-de-datos-para-b2b\/\">Las mejores soluciones de enriquecimiento de datos para B2B<\/a><\/li>\n<\/ul>\n<\/div>\n<h2><span class=\"ez-toc-section\" id=\"2-escriba-sus-correos-electronicos-de-prospeccion-b2b\"><\/span><span class=\"ez-toc-section\" id=\"2-escriba-sus-correos-electronicos-de-prospeccion-b2b\"><\/span>#2 Escriba sus correos electr\u00f3nicos de prospecci\u00f3n B2B<span class=\"ez-toc-section-end\"><\/span><span class=\"ez-toc-section-end\"><\/span><\/h2>\n<p>La redacci\u00f3n de sus campa\u00f1as es un paso crucial para crear un v\u00ednculo con su cliente potencial. Preste especial atenci\u00f3n a la posici\u00f3n del cliente potencial en su embudo de ventas.<\/p>\n<p>El asunto debe estar cuidadosamente redactado: recuerde que un profesional medio recibe 120 correos electr\u00f3nicos al d\u00eda. Insp\u00edrese en lo que otros han hecho antes que usted (y en nuestros ejemplos) y personal\u00edcelo al m\u00e1ximo, con una llamada a la acci\u00f3n muy clara (pero ligera). No descuide lo que pueda parecer secundario, como el nombre del remitente o la firma.<\/p>\n<p>No dude en probar sus diferentes correos. Y s\u00e9 siempre claro y sint\u00e9tico.<\/p>\n<div class=\"blocTips success-light\">\n<p><i class=\"fa fa-book\"><\/i><span class=\"title is-5\">Ir m\u00e1s lejos<\/span><\/p>\n<ul>\n<li><a href=\"https:\/\/salesdorado.com\/es\/captacion-clientes\/ejemplos-de-correos-electronicos-de-marketing\/\">Nuestros mejores ejemplos de marketing por correo electr\u00f3nico<\/a><\/li>\n<li><a href=\"https:\/\/salesdorado.com\/es\/captacion-clientes\/escribir-el-correo-electronico-de-prospeccion-perfecto\/\">\u00bfC\u00f3mo escribir un correo electr\u00f3nico de prospecci\u00f3n perfecto?<\/a><\/li>\n<li><a href=\"https:\/\/salesdorado.com\/es\/captacion-clientes\/obtener-respuesta-a-los-correos-electronicos-de-prospeccion\/\">8 consejos muy concretos para obtener una respuesta a sus correos electr\u00f3nicos de prospecci\u00f3n<\/a><\/li>\n<li><a href=\"https:\/\/salesdorado.com\/es\/captacion-clientes\/objetos-de-marketing-por-correo-electronico\/\">M\u00e1s de 40 poderosas l\u00edneas de asunto, esenciales para el \u00e9xito del email marketing<\/a><\/li>\n<li><a href=\"https:\/\/salesdorado.com\/es\/captacion-clientes\/personalizar-el-marketing-por-correo-electronico\/\">El arte de personalizar sus correos electr\u00f3nicos de prospecci\u00f3n B2B<\/a><\/li>\n<li><a href=\"https:\/\/salesdorado.com\/es\/captacion-clientes\/firma-de-correo-electronico-profesional\/\">C\u00f3mo crear una firma de correo electr\u00f3nico bonita y profesional<\/a><\/li>\n<\/ul>\n<\/div>\n<h2><span class=\"ez-toc-section\" id=\"3-shooter-nuestras-mejores-herramientas-para-enviar-campanas-de-correo-electronico-en-frio\"><\/span><span class=\"ez-toc-section\" id=\"3-shooter-nuestras-mejores-herramientas-para-enviar-campanas-de-correo-electronico-en-frio\"><\/span>#3 Shooter: nuestras mejores herramientas para enviar campa\u00f1as de correo electr\u00f3nico en fr\u00edo<span class=\"ez-toc-section-end\"><\/span><span class=\"ez-toc-section-end\"><\/span><\/h2>\n<p>Una campa\u00f1a de correo electr\u00f3nico tambi\u00e9n incluye todo un aspecto t\u00e9cnico que no debe pasarse por alto: herramientas, entregabilidad, configuraci\u00f3n. Preste atenci\u00f3n al momento del env\u00edo (d\u00eda de la semana y hora del d\u00eda) y, tambi\u00e9n en este caso, no dude en realizar pruebas A\/B.<\/p>\n<p>Un software de env\u00edo de correo en fr\u00edo puede ser un muy buen aliado para esta parte t\u00e9cnica, ya sea un software de pago como Leadin o extensiones gratuitas como Google. Algunas herramientas est\u00e1n especializadas en probar sus campa\u00f1as de correo electr\u00f3nico, una buena inversi\u00f3n para elaborar informes sobre sus campa\u00f1as.<\/p>\n<div class=\"blocTips success-light\">\n<p><i class=\"fa fa-book\"><\/i><span class=\"title is-5\">Ir m\u00e1s lejos<\/span><\/p>\n<ul>\n<li><a href=\"https:\/\/salesdorado.com\/es\/herramientas-prospeccion\/herramientas-de-envio-en-frio\/\">Las 20 mejores herramientas de correo en fr\u00edo<\/a><\/li>\n<li><a href=\"https:\/\/salesdorado.com\/es\/captacion-clientes\/guia-de-entrega-de-correo-electronico\/\">Gu\u00eda de entregabilidad del correo electr\u00f3nico<\/a><\/li>\n<li><a class=\"\" href=\"https:\/\/glockapps.com\/\" target=\"_blank;\" rel=\"noopener\">Glock Apps, para comprobar la capacidad de entrega de sus correos electr\u00f3nicos<\/a><\/li>\n<\/ul>\n<\/div>\n<h2><span class=\"ez-toc-section\" id=\"4-gestione-sus-campanas-de-correo-frio-b2b\"><\/span><span class=\"ez-toc-section\" id=\"4-gestione-sus-campanas-de-correo-frio-b2b\"><\/span>#4 Gestione sus campa\u00f1as de correo fr\u00edo B2B<span class=\"ez-toc-section-end\"><\/span><span class=\"ez-toc-section-end\"><\/span><\/h2>\n<p>Una campa\u00f1a de correo electr\u00f3nico no termina con el env\u00edo de mensajes bien redactados a sus clientes potenciales. R\u00e1pidamente se plantea la cuesti\u00f3n del seguimiento y los recordatorios: recomendamos un m\u00ednimo de 4 a 5 recordatorios con un intervalo m\u00ednimo de 2 d\u00edas entre 2 env\u00edos consecutivos. Tambi\u00e9n debes cuidar tus correos de seguimiento: cada correo debe aportar valor a tus lectores.<\/p>\n<p><img decoding=\"async\" src=\"https:\/\/salesdorado.com\/wp-content\/uploads\/2020\/04\/woodpecker-email-suivi-1.png\" alt=\"\" width=\"600\" height=\"500\" class=\"aligncenter size-full wp-image-3057\" srcset=\"https:\/\/salesdorado.com\/wp-content\/uploads\/2020\/04\/woodpecker-email-suivi-1.png 600w, https:\/\/salesdorado.com\/wp-content\/uploads\/2020\/04\/woodpecker-email-suivi-1-300x250.png 300w\" sizes=\"(max-width: 600px) 100vw, 600px\" \/><\/p>\n<p><em>Fuente:<\/em> Woodpecker, <a href=\"https:\/\/woodpecker.co\/blog\/es\/estadisticas-de-correo-electronico-en-frio-basadas-en-el-envio-de-mas-de-20-millones-de-correos-electronicos-en-frio\/\" target=\"_blank\" rel=\"noopener\">estad\u00edsticas de correo electr\u00f3nico en fr\u00edo basadas en el env\u00edo de m\u00e1s de 20 millones de correos electr\u00f3nicos en fr\u00edo<\/a>.<\/p>\n<p>Una buena campa\u00f1a de correo fr\u00edo no consiste \u00fanicamente en enviar correos electr\u00f3nicos bien redactados a sus clientes potenciales, sino que a menudo forma parte de una campa\u00f1a de prospecci\u00f3n, a veces multicanal.<\/p>\n<div class=\"blocTips danger-light\">\n<p><i class=\"fa fa-exclamation-triangle\"><\/i><span class=\"title is-5\">Atenci\u00f3n<\/span><\/p>\n<p>Sea sensato: antes de abordar otros canales, aseg\u00farese de tener una campa\u00f1a de correo fr\u00edo que funcione. Empiece por lo sencillo (un canal, un segmento, un mensaje) y vaya aumentando gradualmente hasta llegar a lo multicanal.<\/p>\n<\/div>\n<div class=\"blocTips success-light\">\n<p><i class=\"fa fa-book\"><\/i><span class=\"title is-5\">Ir m\u00e1s lejos<\/span><\/p>\n<ul>\n<li><a href=\"https:\/\/salesdorado.com\/es\/captacion-clientes\/relanzamiento-del-prospecto-de-correo-electronico\/\">\u00bfC\u00f3mo escribir un buen correo electr\u00f3nico de reclamaci\u00f3n? Gu\u00eda y ejemplos<\/a><\/li>\n<li><a href=\"https:\/\/salesdorado.com\/es\/telemarketing\/secuencias-de-prospeccion-multicanal\/\">7 ejemplos de secuencias de prospecci\u00f3n multicanal<\/a><\/li>\n<li><a href=\"https:\/\/salesdorado.com\/es\/base-datos-clientes-potenciales\/plan-de-prospeccion\/\">Crear un plan de desarrollo empresarial en 6 pasos<\/a><\/li>\n<li><a href=\"https:\/\/salesdorado.com\/es\/captacion-clientes\/respuesta-negativa-al-correo-electronico\/\">C\u00f3mo responder a un correo electr\u00f3nico negativo<\/a><\/li>\n<\/ul>\n<\/div>\n","protected":false},"excerpt":{"rendered":"<p>\u00bfCu\u00e1nto vale realmente el marketing por correo electr\u00f3nico? A menudo es muy popular porque la [&hellip;]<\/p>\n","protected":false},"author":49,"featured_media":0,"parent":0,"menu_order":0,"comment_status":"closed","ping_status":"closed","template":"level_two.php","meta":{"_acf_changed":false,"footnotes":""},"class_list":["post-39233","page","type-page","status-publish","hentry"],"acf":[],"yoast_head":"<!-- This site is optimized with the Yoast SEO plugin v27.4 - https:\/\/yoast.com\/product\/yoast-seo-wordpress\/ -->\n<title>Prospecci\u00f3n por correo electr\u00f3nico | Salesdorado<\/title>\n<meta name=\"robots\" content=\"index, follow, max-snippet:-1, max-image-preview:large, max-video-preview:-1\" \/>\n<link rel=\"canonical\" href=\"https:\/\/salesdorado.com\/es\/cold-emailing\/\" \/>\n<meta property=\"og:locale\" content=\"es_ES\" \/>\n<meta property=\"og:type\" content=\"article\" \/>\n<meta property=\"og:title\" content=\"Prospecci\u00f3n por correo electr\u00f3nico | Salesdorado\" \/>\n<meta property=\"og:description\" content=\"\u00bfCu\u00e1nto vale realmente el marketing por correo electr\u00f3nico? A menudo es muy popular porque la [&hellip;]\" \/>\n<meta property=\"og:url\" content=\"https:\/\/salesdorado.com\/es\/cold-emailing\/\" \/>\n<meta property=\"og:site_name\" content=\"Salesdorado\" \/>\n<meta property=\"article:modified_time\" content=\"2023-05-15T15:05:27+00:00\" \/>\n<meta property=\"og:image\" content=\"https:\/\/salesdorado.com\/wp-content\/uploads\/2020\/04\/woodpecker-email-suivi-1.png\" \/>\n<meta name=\"twitter:card\" content=\"summary_large_image\" \/>\n<meta name=\"twitter:label1\" content=\"Tiempo de lectura\" \/>\n\t<meta name=\"twitter:data1\" content=\"6 minutos\" \/>\n<!-- \/ Yoast SEO plugin. -->","yoast_head_json":{"title":"Prospecci\u00f3n por correo electr\u00f3nico | Salesdorado","robots":{"index":"index","follow":"follow","max-snippet":"max-snippet:-1","max-image-preview":"max-image-preview:large","max-video-preview":"max-video-preview:-1"},"canonical":"https:\/\/salesdorado.com\/es\/cold-emailing\/","og_locale":"es_ES","og_type":"article","og_title":"Prospecci\u00f3n por correo electr\u00f3nico | Salesdorado","og_description":"\u00bfCu\u00e1nto vale realmente el marketing por correo electr\u00f3nico? A menudo es muy popular porque la [&hellip;]","og_url":"https:\/\/salesdorado.com\/es\/cold-emailing\/","og_site_name":"Salesdorado","article_modified_time":"2023-05-15T15:05:27+00:00","og_image":[{"url":"https:\/\/salesdorado.com\/wp-content\/uploads\/2020\/04\/woodpecker-email-suivi-1.png","type":"","width":"","height":""}],"twitter_card":"summary_large_image","twitter_misc":{"Tiempo de lectura":"6 minutos"},"schema":{"@context":"https:\/\/schema.org","@graph":[{"@type":"WebPage","@id":"https:\/\/salesdorado.com\/es\/cold-emailing\/","url":"https:\/\/salesdorado.com\/es\/cold-emailing\/","name":"Prospecci\u00f3n por correo electr\u00f3nico | Salesdorado","isPartOf":{"@id":"https:\/\/salesdorado.com\/es\/#website"},"primaryImageOfPage":{"@id":"https:\/\/salesdorado.com\/es\/cold-emailing\/#primaryimage"},"image":{"@id":"https:\/\/salesdorado.com\/es\/cold-emailing\/#primaryimage"},"thumbnailUrl":"https:\/\/salesdorado.com\/wp-content\/uploads\/2020\/04\/woodpecker-email-suivi-1.png","datePublished":"2019-11-23T18:56:10+00:00","dateModified":"2023-05-15T15:05:27+00:00","breadcrumb":{"@id":"https:\/\/salesdorado.com\/es\/cold-emailing\/#breadcrumb"},"inLanguage":"es","potentialAction":[{"@type":"ReadAction","target":["https:\/\/salesdorado.com\/es\/cold-emailing\/"]}]},{"@type":"ImageObject","inLanguage":"es","@id":"https:\/\/salesdorado.com\/es\/cold-emailing\/#primaryimage","url":"https:\/\/salesdorado.com\/wp-content\/uploads\/2020\/04\/woodpecker-email-suivi-1.png","contentUrl":"https:\/\/salesdorado.com\/wp-content\/uploads\/2020\/04\/woodpecker-email-suivi-1.png"},{"@type":"BreadcrumbList","@id":"https:\/\/salesdorado.com\/es\/cold-emailing\/#breadcrumb","itemListElement":[{"@type":"ListItem","position":1,"name":"Home","item":"https:\/\/salesdorado.com\/es\/"},{"@type":"ListItem","position":2,"name":"Prospecci\u00f3n por correo electr\u00f3nico"}]},{"@type":"WebSite","@id":"https:\/\/salesdorado.com\/es\/#website","url":"https:\/\/salesdorado.com\/es\/","name":"Salesdorado","description":"El medio de referencia sobre ventas B2B","publisher":{"@id":"https:\/\/salesdorado.com\/es\/#organization"},"potentialAction":[{"@type":"SearchAction","target":{"@type":"EntryPoint","urlTemplate":"https:\/\/salesdorado.com\/es\/?s={search_term_string}"},"query-input":{"@type":"PropertyValueSpecification","valueRequired":true,"valueName":"search_term_string"}}],"inLanguage":"es"},{"@type":"Organization","@id":"https:\/\/salesdorado.com\/es\/#organization","name":"Salesdorado","url":"https:\/\/salesdorado.com\/es\/","logo":{"@type":"ImageObject","inLanguage":"es","@id":"https:\/\/salesdorado.com\/es\/#\/schema\/logo\/image\/","url":"https:\/\/salesdorado.com\/wp-content\/uploads\/2023\/09\/sdo-icon.png","contentUrl":"https:\/\/salesdorado.com\/wp-content\/uploads\/2023\/09\/sdo-icon.png","width":176,"height":176,"caption":"Salesdorado"},"image":{"@id":"https:\/\/salesdorado.com\/es\/#\/schema\/logo\/image\/"}}]}},"_links":{"self":[{"href":"https:\/\/salesdorado.com\/es\/wp-json\/wp\/v2\/pages\/39233","targetHints":{"allow":["GET"]}}],"collection":[{"href":"https:\/\/salesdorado.com\/es\/wp-json\/wp\/v2\/pages"}],"about":[{"href":"https:\/\/salesdorado.com\/es\/wp-json\/wp\/v2\/types\/page"}],"author":[{"embeddable":true,"href":"https:\/\/salesdorado.com\/es\/wp-json\/wp\/v2\/users\/49"}],"replies":[{"embeddable":true,"href":"https:\/\/salesdorado.com\/es\/wp-json\/wp\/v2\/comments?post=39233"}],"version-history":[{"count":0,"href":"https:\/\/salesdorado.com\/es\/wp-json\/wp\/v2\/pages\/39233\/revisions"}],"wp:attachment":[{"href":"https:\/\/salesdorado.com\/es\/wp-json\/wp\/v2\/media?parent=39233"}],"curies":[{"name":"wp","href":"https:\/\/api.w.org\/{rel}","templated":true}]}}