{"id":39242,"date":"2020-04-11T14:25:38","date_gmt":"2020-04-11T14:25:38","guid":{"rendered":"https:\/\/salesdorado.com\/staging\/?page_id=39242"},"modified":"2023-05-15T15:04:49","modified_gmt":"2023-05-15T15:04:49","slug":"contratar","status":"publish","type":"page","link":"https:\/\/salesdorado.com\/es\/contratar\/","title":{"rendered":"Contratar"},"content":{"rendered":"<p>La contrataci\u00f3n de vendedores es un proceso que requiere mucho tiempo y a veces es muy dif\u00edcil. Adem\u00e1s, \u00a1no hay margen de error! Para ayudarle en esta tediosa tarea, le ofrecemos una completa gu\u00eda para contratar eficazmente a uno o varios comerciales. <\/p>\n<p>En primer lugar, le ayudaremos a enmarcar su proyecto de contrataci\u00f3n y, a continuaci\u00f3n, a preparar y publicar su oferta de empleo. A continuaci\u00f3n, le diremos c\u00f3mo procesar y hacer un seguimiento de las solicitudes y, por \u00faltimo, c\u00f3mo evaluar a los candidatos. <\/p>\n<p>Al final de esta gu\u00eda, encontrar\u00e1 un completo kit con varios recursos muy \u00fatiles para realizar o delegar su contrataci\u00f3n:<\/p>\n<div class=\"blocTips\">\n<p><i class=\"fa fa-book\"><\/i><span class=\"title\">Contenido<\/span><\/p>\n<ul class=\"listFont iconChevron listLeft\">\n<li>C\u00f3mo enmarcar el proyecto de captaci\u00f3n de ventas<\/li>\n<li>Preparar su oferta de empleo<\/li>\n<li>Publicar la oferta de trabajo<\/li>\n<li>Procesar y hacer el seguimiento de las solicitudes de venta<\/li>\n<li>Evaluar a los candidatos<\/li>\n<li>Descargue el kit completo de &#8220;Contrataci\u00f3n comercial&#8221;.<\/li>\n<\/ul>\n<\/div>\n<h2><span class=\"ez-toc-section\" id=\"1-enmarcar-el-proyecto-de-captacion-de-ventas\"><\/span>#1 &#8211; Enmarcar el proyecto de captaci\u00f3n de ventas<span class=\"ez-toc-section-end\"><\/span><\/h2>\n<h3><span class=\"ez-toc-section\" id=\"las-cuestiones-clave\"><\/span>Las cuestiones clave<span class=\"ez-toc-section-end\"><\/span><\/h3>\n<p>Antes de redactar y publicar un anuncio de contrataci\u00f3n, es imprescindible hacerse una serie de preguntas:<\/p>\n<ul>\n<li>\u00bfQu\u00e9 perfil busca?<\/li>\n<li>\u00bfCu\u00e1l es su antig\u00fcedad? Junior, experto &#8230; ?<\/li>\n<li>\u00bfCu\u00e1l es su nivel de experiencia en el sector?<\/li>\n<\/ul>\n<h3><span class=\"ez-toc-section\" id=\"definicion-de-las-condiciones-de-remuneracion\"><\/span>Definici\u00f3n de las condiciones de remuneraci\u00f3n<span class=\"ez-toc-section-end\"><\/span><\/h3>\n<p>A la hora de fijar las condiciones de remuneraci\u00f3n, hay que tener en cuenta varios criterios clave:<\/p>\n<ul>\n<li>Aseg\u00farese siempre de respetar el equilibrio salarial en su empresa<\/li>\n<li>\u00bfCu\u00e1l es el reparto entre el salario fijo y el variable?<\/li>\n<li>\u00bfC\u00f3mo se calcula la variable?<\/li>\n<\/ul>\n<p>Hay que establecer un mecanismo claro e inequ\u00edvoco. \u00bfRecibir\u00e1n una comisi\u00f3n en funci\u00f3n del volumen de negocio? \u00bfHabr\u00e1 bonificaciones en funci\u00f3n de la facturaci\u00f3n, el margen bruto o el n\u00famero de clientes?<\/p>\n<p>Para ayudarte en esta tarea, aqu\u00ed tienes una tabla con los salarios medios del sector industrial. Como puedes ver, var\u00eda en funci\u00f3n del puesto, pero tambi\u00e9n del nivel de antig\u00fcedad.<\/p>\n<p><img decoding=\"async\" src=\"\/wp-content\/uploads\/2020\/04\/Screenshot-2020-04-11-at-16.36.02-1024x443.png\" \/><\/p>\n<p>Adem\u00e1s de los sueldos medios del sector, aqu\u00ed se muestra una proyecci\u00f3n del coste de contrataci\u00f3n de los comerciales en una empresa:<\/p>\n<p><img decoding=\"async\" src=\"\/wp-content\/uploads\/2020\/04\/Screenshot-2020-04-11-at-16.37.46-1024x564.png\" \/><\/p>\n<h3><span class=\"ez-toc-section\" id=\"definicion-del-proceso-de-contratacion-division-de-tareas\"><\/span>Definici\u00f3n del proceso de contrataci\u00f3n \/ Divisi\u00f3n de tareas<span class=\"ez-toc-section-end\"><\/span><\/h3>\n<p>Durante el proceso de contrataci\u00f3n, es importante dividir las tareas para ser lo m\u00e1s eficiente posible. Estos son los diferentes pasos que puedes dar:<\/p>\n<ul>\n<li>1. El candidato presenta su solicitud a trav\u00e9s del formulario de <a href=\"https:\/\/salesdorado.com\/es\/inbound-marketing\/google-business\/\" data-internallinksmanager029f6b8e52c=\"89\" title=\"Google My Biz\">Google<\/a> indicado en el anuncio (no olvide a\u00f1adir una redirecci\u00f3n al formulario para los que se presenten por correo electr\u00f3nico).<\/li>\n<li>2. Jean analiza las solicitudes recibidas cada d\u00eda y selecciona los perfiles que ser\u00e1n entrevistados<\/li>\n<li>3. Jean realiza la primera entrevista. Al final de la entrevista, actualiza el seguimiento del candidato y lo notifica a Nicol\u00e1s.<\/li>\n<li>4. Nicolas analiza los candidatos que han pasado la primera entrevista. Propone una segunda entrevista a los seleccionados.<\/li>\n<li>5. Nicolas realiza la segunda entrevista y luego actualiza el seguimiento del solicitante.<\/li>\n<li>6. Nicolas hace una oferta al candidato seleccionado.<\/li>\n<\/ul>\n<p><a class=\"button\" href=\"\/es\/\">Descargue el kit completo de &#8220;Contrataci\u00f3n comercial&#8221;.<\/a><\/p>\n<h2><span class=\"ez-toc-section\" id=\"2-preparacion-de-la-oferta-de-trabajo\"><\/span>#2 &#8211; Preparaci\u00f3n de la oferta de trabajo<span class=\"ez-toc-section-end\"><\/span><\/h2>\n<p>Ahora que tiene su proyecto de contrataci\u00f3n en orden, es el momento de empezar a preparar su oferta de empleo.<\/p>\n<h3><span class=\"ez-toc-section\" id=\"referencia-de-las-ofertas-de-empleo-en-su-sector\"><\/span>Referencia de las ofertas de empleo en su sector<span class=\"ez-toc-section-end\"><\/span><\/h3>\n<p>Antes de empezar a redactar su anuncio de empleo, le aconsejamos encarecidamente que eche un vistazo a las diferentes ofertas de trabajo de otras empresas para un puesto similar. Esto le ayudar\u00e1 a encontrar la inspiraci\u00f3n. Para ayudarle a identificar r\u00e1pidamente las vacantes pertinentes, hemos elaborado una referencia bastante completa de puestos de trabajo en el sector de las ventas.<\/p>\n<p><img decoding=\"async\" src=\"\/wp-content\/uploads\/2020\/04\/Screenshot-2020-04-11-at-16.40.18-1024x394.png\" \/><\/p>\n<p>Para identificar los anuncios m\u00e1s relevantes en su caso, tiene la posibilidad de filtrar los anuncios por antig\u00fcedad, sector, tipo de contrato, etc.<\/p>\n<p><a class=\"button\" href=\"\/es\/\">Descargue el kit completo de &#8220;Contrataci\u00f3n comercial&#8221;.<\/a><\/p>\n<h2><span class=\"ez-toc-section\" id=\"3-publicar-la-oferta-de-trabajo\"><\/span>#3 &#8211; Publicar la oferta de trabajo<span class=\"ez-toc-section-end\"><\/span><\/h2>\n<p>Ahora que su oferta de trabajo est\u00e1 lista, es el momento de distribuirla de la mejor manera posible.<\/p>\n<h3><span class=\"ez-toc-section\" id=\"eleccion-de-los-medios-de-difusion\"><\/span>Elecci\u00f3n de los medios de difusi\u00f3n<span class=\"ez-toc-section-end\"><\/span><\/h3>\n<p>Hay varias formas de anunciar su oferta de trabajo:<\/p>\n<ul>\n<li>Los portales de empleo m\u00e1s conocidos, como LeBonCoin, Indeed, APEC, RegionsJob o Welcome to the Jungle.<\/li>\n<li>Directamente en las intranets de las mejores escuelas como HEC, ESSEC, Science PO, Audencia, etc.<\/li>\n<li>Grupos de Facebook con miles de miembros. Podemos mencionar a la startup francesa, BONS PLANS # Jobs &amp; Stages o Jobs in Paris.<\/li>\n<li>Por \u00faltimo, hay decenas de agencias de contrataci\u00f3n que est\u00e1n ah\u00ed para facilitarte el trabajo.<\/li>\n<\/ul>\n<p>Como puede ver, los lugares donde puede publicar su anuncio son diversos. Encontrar\u00e1 un archivo en el que hemos enumerado la mayor\u00eda de los sitios web, las intranets escolares, los grupos de Facebook y las agencias de contrataci\u00f3n en el kit de contrataci\u00f3n.<\/p>\n<h3><span class=\"ez-toc-section\" id=\"el-arte-de-delegar-tareas\"><\/span>El arte de delegar tareas<span class=\"ez-toc-section-end\"><\/span><\/h3>\n<p>Para delegar este tedioso trabajo, es imprescindible que el proceso est\u00e9 bien estructurado. Para conseguirlo, he aqu\u00ed algunos consejos pr\u00e1cticos:<\/p>\n<ul>\n<li>1. Mantener un documento con una lista completa de bolsas de trabajo \/ escuelas de negocios \/ grupos de Linkedin u otros apoyos.<\/li>\n<li>2. Pida al joven que rellene una pesta\u00f1a en el documento de seguimiento de la solicitud con la lista de sitios\/grupos en los que se ha publicado la vacante. La fecha debe especificarse en cada caso, para que sea f\u00e1cil identificar los que deben actualizarse.<\/li>\n<li>3. Utiliza una direcci\u00f3n de correo electr\u00f3nico como <span class=\"__cf_email__\" data-cfemail=\"7e14111c0d551c111f0c1a0d3e1311101b100a0c1b0e0c170d1b501d1113\">[email&#160;protected]<\/span> como inicio de sesi\u00f3n para registrarte en las plataformas, y configura un filtro autom\u00e1tico en los correos electr\u00f3nicos que llegan a <span class=\"__cf_email__\" data-cfemail=\"52383d302179303d3320362112\">[email&#160;protected]<\/span> para diferenciarlos de los que llegan a <span class=\"__cf_email__\" data-cfemail=\"1b717479685b35\">[email&#160;protected]<\/span><\/li>\n<\/ul>\n<p><a class=\"button\" href=\"\/es\/\">Descargue el kit completo de &#8220;Contrataci\u00f3n comercial&#8221;.<\/a><\/p>\n<h2><span class=\"ez-toc-section\" id=\"4-procesar-y-dar-seguimiento-a-las-solicitudes-de-venta\"><\/span>#4 &#8211; Procesar y dar seguimiento a las solicitudes de venta<span class=\"ez-toc-section-end\"><\/span><\/h2>\n<p>Ahora que su vacante ha sido publicada, recibir\u00e1 un gran n\u00famero de solicitudes. Tendr\u00e1 que procesarlas y hacer un seguimiento de las mismas. As\u00ed es como se hace:<\/p>\n<h3><span class=\"ez-toc-section\" id=\"1-los-candidatos-rellenan-un-formulario-de-solicitud\"><\/span>1. Los candidatos rellenan un formulario de solicitud<span class=\"ez-toc-section-end\"><\/span><\/h3>\n<p>En lugar de invitar a los candidatos a enviar su CV y una posible carta de presentaci\u00f3n a j<span class=\"__cf_email__\" data-cfemail=\"543b362714393b3a313a20263124263d27317a373b39\">[email&#160;protected]<\/span>, le recomendamos que les invite a rellenar un formulario. Esto tiene dos grandes ventajas:<\/p>\n<ul>\n<li>Todas las solicitudes ser\u00e1n visibles en una \u00fanica tabla GSheet \/ Excel. Por lo tanto, la tramitaci\u00f3n de las solicitudes es mucho m\u00e1s r\u00e1pida que por correo electr\u00f3nico.<\/li>\n<li>En el formulario se puede solicitar informaci\u00f3n o hacer preguntas espec\u00edficas, lo que lo convierte en un paso de precalificaci\u00f3n.<\/li>\n<\/ul>\n<p><img decoding=\"async\" src=\"\/wp-content\/uploads\/2020\/04\/Screenshot-2020-04-11-at-16.41.47-1024x668.png\" \/><\/p>\n<p>En el kit completo disponible para su descarga, le ofrecemos un ejemplo de formulario de solicitud en Google Form.<\/p>\n<h3><span class=\"ez-toc-section\" id=\"2-una-persona-evalua-las-solicitudes-y-propone-una-primera-entrevista\"><\/span>2. Una persona eval\u00faa las solicitudes y propone una primera entrevista<span class=\"ez-toc-section-end\"><\/span><\/h3>\n<p>A partir de los datos recogidos en el formulario de solicitud inicial, ya es posible realizar un primer nivel de clasificaci\u00f3n de las solicitudes. Una o dos personas de su empresa deber\u00edan encargarse de anotar las solicitudes recibidas cada 2\/3 d\u00edas como m\u00e1ximo.<\/p>\n<p><img decoding=\"async\" src=\"\/wp-content\/uploads\/2020\/04\/SDO-onglet-candidatures-.png\" \/><\/p>\n<p>Para todos los candidatos que se consideren pertinentes, puede ofrecer una primera entrevista. Concertar citas puede llevar bastante tiempo. Si utiliza herramientas para automatizar este paso, como <a href=\"https:\/\/mixmax.com\/\" target=\"_blank\" rel=\"noopener noreferrer\">Mixmax<\/a> o <a href=\"https:\/\/calendly.com\/fr\" target=\"_blank\" rel=\"noopener noreferrer\">Calendly<\/a>, ahorrar\u00e1 un tiempo precioso.<\/p>\n<h3><span class=\"ez-toc-section\" id=\"3-entrevistas\"><\/span>3. Entrevistas<span class=\"ez-toc-section-end\"><\/span><\/h3>\n<p>Las entrevistas pueden ser realizadas por diferentes personas, pero el seguimiento global del proceso debe seguir siendo sencillo. Para ello, le recomendamos que utilice una plantilla de entrevista est\u00e1ndar para cada nivel de entrevista, e invite al entrevistador a copiar la plantilla en un nuevo documento donde anotar\u00e1 sus comentarios. El enlace a este documento debe colocarse en la pila de <a href=\"https:\/\/springrecruit.com\/\" rel=\"noopener\" target=\"_blank\">seguimiento de la solicitud<\/a>. En el kit de contrataci\u00f3n se proporciona una plantilla para el cuadro de entrevistas.<\/p>\n<p><a class=\"button\" href=\"\/es\/\">Descargue el kit completo de &#8220;Contrataci\u00f3n comercial&#8221;.<\/a><\/p>\n<h2><span class=\"ez-toc-section\" id=\"5-evaluar-a-los-candidatos\"><\/span>#5 &#8211; Evaluar a los candidatos<span class=\"ez-toc-section-end\"><\/span><\/h2>\n<h3><span class=\"ez-toc-section\" id=\"distribuir-los-objetivos-por-entrevista\"><\/span>Distribuir los objetivos por entrevista<span class=\"ez-toc-section-end\"><\/span><\/h3>\n<p>Dependiendo del puesto, puede considerar la posibilidad de dividir el proceso en una o tres entrevistas. He aqu\u00ed un marco bastante est\u00e1ndar para inspirarse:<\/p>\n<ul>\n<li>1. El objetivo de la primera entrevista es evaluar el nivel general del candidato y, sobre todo, excluir los perfiles inadecuados.<\/li>\n<li>2. La segunda entrevista debe permitirle evaluar las habilidades del candidato en algunas tareas espec\u00edficas. Un estudio de situaci\u00f3n o de caso es una buena manera de obtener una buena evaluaci\u00f3n.<\/li>\n<li>3. La \u00faltima entrevista le permitir\u00e1 elegir entre 2 o 3 candidatos. Evaluar\u00e1 c\u00f3mo se ven a s\u00ed mismos en el trabajo, y su capacidad para integrarse en su equipo y procesos en esta etapa.<\/li>\n<\/ul>\n<h3><span class=\"ez-toc-section\" id=\"preparar-las-grillas-de-entrevistas-con-preguntas-estandar\"><\/span>Preparar las grillas de entrevistas con preguntas est\u00e1ndar<span class=\"ez-toc-section-end\"><\/span><\/h3>\n<p>Se le proporciona una plantilla de gu\u00eda de entrevista, en la que puede poner preguntas preseleccionadas, o sus propias preguntas. Esto ayuda durante la entrevista a garantizar que se han cubierto todas las competencias que se desean evaluar.<\/p>\n<p><img decoding=\"async\" src=\"\/wp-content\/uploads\/2020\/03\/Screenshot-2020-04-11-at-15.09.51-916x1024.png\" \/><\/p>\n<p>Esta tabla de entrevistas deber\u00eda ayudarle a evaluar a cada candidato de forma met\u00f3dica. Recuerde poner el enlace a la tabla de entrevistas completada para cada candidato en el seguimiento de su solicitud. Esto le ayudar\u00e1 a recordar las entrevistas y a juzgar (m\u00e1s) objetivamente las habilidades de cada candidato.<\/p>\n","protected":false},"excerpt":{"rendered":"<p>La contrataci\u00f3n de vendedores es un proceso que requiere mucho tiempo y a veces es [&hellip;]<\/p>\n","protected":false},"author":49,"featured_media":16317,"parent":0,"menu_order":0,"comment_status":"closed","ping_status":"closed","template":"level_two.php","meta":{"_acf_changed":false,"footnotes":""},"class_list":["post-39242","page","type-page","status-publish","has-post-thumbnail","hentry"],"acf":[],"yoast_head":"<!-- This site is optimized with the Yoast SEO plugin v27.3 - https:\/\/yoast.com\/product\/yoast-seo-wordpress\/ -->\n<title>Contratar | Salesdorado<\/title>\n<meta name=\"description\" content=\"1. Enmarcar su proyecto de reclutamiento | 2 + 3 Prepare y publique su oferta | 4. Tratar aplicaciones | 5. Eval\u00fae bien a los candidatos.\" \/>\n<meta name=\"robots\" content=\"index, follow, max-snippet:-1, max-image-preview:large, max-video-preview:-1\" \/>\n<link rel=\"canonical\" href=\"https:\/\/salesdorado.com\/es\/contratar\/\" \/>\n<meta property=\"og:locale\" content=\"es_ES\" \/>\n<meta property=\"og:type\" content=\"article\" \/>\n<meta property=\"og:title\" content=\"Contratar | Salesdorado\" \/>\n<meta property=\"og:description\" content=\"1. Enmarcar su proyecto de reclutamiento | 2 + 3 Prepare y publique su oferta | 4. Tratar aplicaciones | 5. Eval\u00fae bien a los candidatos.\" \/>\n<meta property=\"og:url\" content=\"https:\/\/salesdorado.com\/es\/contratar\/\" \/>\n<meta property=\"og:site_name\" content=\"Salesdorado\" \/>\n<meta property=\"article:modified_time\" content=\"2023-05-15T15:04:49+00:00\" \/>\n<meta property=\"og:image\" content=\"https:\/\/salesdorado.com\/wp-content\/uploads\/2020\/04\/kit-recrutement.jpg\" \/>\n\t<meta property=\"og:image:width\" content=\"1440\" \/>\n\t<meta property=\"og:image:height\" content=\"810\" \/>\n\t<meta property=\"og:image:type\" content=\"image\/jpeg\" \/>\n<meta name=\"twitter:card\" content=\"summary_large_image\" \/>\n<meta name=\"twitter:label1\" content=\"Tiempo de lectura\" \/>\n\t<meta name=\"twitter:data1\" content=\"8 minutos\" \/>\n<!-- \/ Yoast SEO plugin. -->","yoast_head_json":{"title":"Contratar | Salesdorado","description":"1. Enmarcar su proyecto de reclutamiento | 2 + 3 Prepare y publique su oferta | 4. Tratar aplicaciones | 5. Eval\u00fae bien a los candidatos.","robots":{"index":"index","follow":"follow","max-snippet":"max-snippet:-1","max-image-preview":"max-image-preview:large","max-video-preview":"max-video-preview:-1"},"canonical":"https:\/\/salesdorado.com\/es\/contratar\/","og_locale":"es_ES","og_type":"article","og_title":"Contratar | Salesdorado","og_description":"1. Enmarcar su proyecto de reclutamiento | 2 + 3 Prepare y publique su oferta | 4. Tratar aplicaciones | 5. Eval\u00fae bien a los candidatos.","og_url":"https:\/\/salesdorado.com\/es\/contratar\/","og_site_name":"Salesdorado","article_modified_time":"2023-05-15T15:04:49+00:00","og_image":[{"width":1440,"height":810,"url":"https:\/\/salesdorado.com\/wp-content\/uploads\/2020\/04\/kit-recrutement.jpg","type":"image\/jpeg"}],"twitter_card":"summary_large_image","twitter_misc":{"Tiempo de lectura":"8 minutos"},"schema":{"@context":"https:\/\/schema.org","@graph":[{"@type":"WebPage","@id":"https:\/\/salesdorado.com\/es\/contratar\/","url":"https:\/\/salesdorado.com\/es\/contratar\/","name":"Contratar | Salesdorado","isPartOf":{"@id":"https:\/\/salesdorado.com\/es\/#website"},"primaryImageOfPage":{"@id":"https:\/\/salesdorado.com\/es\/contratar\/#primaryimage"},"image":{"@id":"https:\/\/salesdorado.com\/es\/contratar\/#primaryimage"},"thumbnailUrl":"https:\/\/salesdorado.com\/wp-content\/uploads\/2020\/04\/kit-recrutement.jpg","datePublished":"2020-04-11T14:25:38+00:00","dateModified":"2023-05-15T15:04:49+00:00","description":"1. Enmarcar su proyecto de reclutamiento | 2 + 3 Prepare y publique su oferta | 4. Tratar aplicaciones | 5. Eval\u00fae bien a los candidatos.","breadcrumb":{"@id":"https:\/\/salesdorado.com\/es\/contratar\/#breadcrumb"},"inLanguage":"es","potentialAction":[{"@type":"ReadAction","target":["https:\/\/salesdorado.com\/es\/contratar\/"]}]},{"@type":"ImageObject","inLanguage":"es","@id":"https:\/\/salesdorado.com\/es\/contratar\/#primaryimage","url":"https:\/\/salesdorado.com\/wp-content\/uploads\/2020\/04\/kit-recrutement.jpg","contentUrl":"https:\/\/salesdorado.com\/wp-content\/uploads\/2020\/04\/kit-recrutement.jpg","width":1440,"height":810},{"@type":"BreadcrumbList","@id":"https:\/\/salesdorado.com\/es\/contratar\/#breadcrumb","itemListElement":[{"@type":"ListItem","position":1,"name":"Home","item":"https:\/\/salesdorado.com\/es\/"},{"@type":"ListItem","position":2,"name":"Contratar"}]},{"@type":"WebSite","@id":"https:\/\/salesdorado.com\/es\/#website","url":"https:\/\/salesdorado.com\/es\/","name":"Salesdorado","description":"El medio de referencia sobre ventas B2B","publisher":{"@id":"https:\/\/salesdorado.com\/es\/#organization"},"potentialAction":[{"@type":"SearchAction","target":{"@type":"EntryPoint","urlTemplate":"https:\/\/salesdorado.com\/es\/?s={search_term_string}"},"query-input":{"@type":"PropertyValueSpecification","valueRequired":true,"valueName":"search_term_string"}}],"inLanguage":"es"},{"@type":"Organization","@id":"https:\/\/salesdorado.com\/es\/#organization","name":"Salesdorado","url":"https:\/\/salesdorado.com\/es\/","logo":{"@type":"ImageObject","inLanguage":"es","@id":"https:\/\/salesdorado.com\/es\/#\/schema\/logo\/image\/","url":"https:\/\/salesdorado.com\/wp-content\/uploads\/2023\/09\/sdo-icon.png","contentUrl":"https:\/\/salesdorado.com\/wp-content\/uploads\/2023\/09\/sdo-icon.png","width":176,"height":176,"caption":"Salesdorado"},"image":{"@id":"https:\/\/salesdorado.com\/es\/#\/schema\/logo\/image\/"}}]}},"_links":{"self":[{"href":"https:\/\/salesdorado.com\/es\/wp-json\/wp\/v2\/pages\/39242","targetHints":{"allow":["GET"]}}],"collection":[{"href":"https:\/\/salesdorado.com\/es\/wp-json\/wp\/v2\/pages"}],"about":[{"href":"https:\/\/salesdorado.com\/es\/wp-json\/wp\/v2\/types\/page"}],"author":[{"embeddable":true,"href":"https:\/\/salesdorado.com\/es\/wp-json\/wp\/v2\/users\/49"}],"replies":[{"embeddable":true,"href":"https:\/\/salesdorado.com\/es\/wp-json\/wp\/v2\/comments?post=39242"}],"version-history":[{"count":0,"href":"https:\/\/salesdorado.com\/es\/wp-json\/wp\/v2\/pages\/39242\/revisions"}],"wp:featuredmedia":[{"embeddable":true,"href":"https:\/\/salesdorado.com\/es\/wp-json\/wp\/v2\/media\/16317"}],"wp:attachment":[{"href":"https:\/\/salesdorado.com\/es\/wp-json\/wp\/v2\/media?parent=39242"}],"curies":[{"name":"wp","href":"https:\/\/api.w.org\/{rel}","templated":true}]}}