{"id":39913,"date":"2021-11-05T18:31:12","date_gmt":"2021-11-05T18:31:12","guid":{"rendered":"https:\/\/salesdorado.com\/staging\/?page_id=39913"},"modified":"2023-05-11T14:16:06","modified_gmt":"2023-05-11T14:16:06","slug":"coaching-profisionnal","status":"publish","type":"page","link":"https:\/\/salesdorado.com\/pt-br\/coaching-profisionnal\/","title":{"rendered":"Coaching profisionnal"},"content":{"rendered":"<h2><span class=\"ez-toc-section\" id=\"coaching-profissional-definicao\"><\/span>Coaching Profissional: Defini\u00e7\u00e3o<span class=\"ez-toc-section-end\"><\/span><\/h2>\n<div class=\"blocTips primary-light\"><i class=\"fa fa-lightbulb-o\"><\/i><span class=\"title is-5\">Defini\u00e7\u00e3o em resumo<\/span>\n<p>Coaching profissional \u00e9 um modo de apoio no qual um coach prop\u00f5e ferramentas, m\u00e9todos e perguntas para ajudar o coachee a atingir um ou mais objetivos profissionais.<\/p>\n<\/div>\n<p>Em princ\u00edpio, o treinador deve permitir ao coachee encontrar as respostas e tomar as melhores decis\u00f5es para atingir seus objetivos. Mas ele n\u00e3o interv\u00e9m para dar-lhe as respostas. Primeiro porque ele n\u00e3o os conhece, e segundo porque ele seria menos eficiente em encontr\u00e1-los.<\/p>\n<h3><span class=\"ez-toc-section\" id=\"a-missao-do-treinador-profissional\"><\/span>A miss\u00e3o do treinador profissional<span class=\"ez-toc-section-end\"><\/span><\/h3>\n<p>A miss\u00e3o de um coach \u00e9 apoiar o coachee nas diferentes etapas de sua carreira profissional. Por exemplo, chamar um t\u00e9cnico pode ser muito eficaz na prepara\u00e7\u00e3o para uma entrevista de avalia\u00e7\u00e3o, uma reorienta\u00e7\u00e3o profissional ou o acesso a um novo cargo.<\/p>\n<p>O coach deve, portanto, apoiar o coachee nos momentos de risco, de auto-afirma\u00e7\u00e3o no trabalho e na assun\u00e7\u00e3o de responsabilidades. Se ele pode ser cr\u00edtico em rela\u00e7\u00e3o ao coachee, \u00e9 acima de tudo para encoraj\u00e1-lo a progredir.<\/p>\n<p>O objetivo \u00e9 que tamb\u00e9m seja ben\u00e9fico para a empresa: o coachee deve permitir que o coachee alinhe seus objetivos com os da organiza\u00e7\u00e3o.<\/p>\n<h3><span class=\"ez-toc-section\" id=\"o-que-nao-e-um-treinador-profissional\"><\/span>O que n\u00e3o \u00e9 um treinador profissional<span class=\"ez-toc-section-end\"><\/span><\/h3>\n<p>O treinador n\u00e3o \u00e9 um treinador: mesmo que ele ou ela possa destilar t\u00e9cnicas valiosas para sua carreira, sua miss\u00e3o \u00e9, antes de tudo, iniciar um processo de introspec\u00e7\u00e3o e reflex\u00e3o no treinador.<\/p>\n<p>Tamb\u00e9m n\u00e3o \u00e9 um tomador de decis\u00e3o: o coachee toma sempre as decis\u00f5es finais.<\/p>\n<p>Finalmente, o treinador n\u00e3o deve ser psicoterapeuta: \u00e9 verdade que o treinador sabe um pouco de psicologia, mas isso n\u00e3o \u00e9 seu trabalho ou seu objetivo (embora existam muito bons psic\u00f3logos de trabalho!)<\/p>\n<div class=\"blocTips success-light\">\n<p><i class=\"fa fa-book\"><\/i><span class=\"title is-5\">Indo mais al\u00e9m<\/span><\/p>\n<p>O coaching n\u00e3o \u00e9 a resposta para tudo. Pode at\u00e9 ser perigoso em certas situa\u00e7\u00f5es: Steve Berglas, renomado coach e autor de in\u00fameras publica\u00e7\u00f5es sobre coaching profissional, mostrou em seu artigo <a href=\"https:\/\/hbr.org\/2002\/06\/the-very-real-dangers-of-executive-coaching\" target=\"_blank\" rel=\"noopener\">The Real Dangers of Coaching<\/a> que um mau coach pode, ao contr\u00e1rio, refor\u00e7ar as patologias potenciais do coachee.<\/p>\n<\/div>\n<h2><span class=\"ez-toc-section\" id=\"coaching-individual-em-grupo-ou-organizacional\"><\/span>Coaching individual, em grupo ou organizacional?<span class=\"ez-toc-section-end\"><\/span><\/h2>\n<p>H\u00e1 tr\u00eas categorias de coaching profissional:<\/p>\n<h3><span class=\"ez-toc-section\" id=\"coaching-individual\"><\/span>Coaching individual<span class=\"ez-toc-section-end\"><\/span><\/h3>\n<p>O coaching individual consiste em ajudar uma pessoa a atingir um objetivo profissional, mobilizando suas pr\u00f3prias habilidades: os coachees podem, portanto, ser gerentes, l\u00edderes de projetos, etc.<\/p>\n<p>O treinador facilitar\u00e1 um processo de reflex\u00e3o no coachee para que ele possa encontrar recursos para melhorar sua contribui\u00e7\u00e3o pessoal \u00e0 empresa: para administrar melhor suas equipes, para assumir mais responsabilidade ou mesmo para mudar o rumo de sua carreira. O objetivo \u00e9 otimizar o potencial pessoal do coachee.<\/p>\n<h3><span class=\"ez-toc-section\" id=\"coaching-de-grupo\"><\/span>Coaching de grupo<span class=\"ez-toc-section-end\"><\/span><\/h3>\n<p>O coaching de grupo \u00e9 dirigido a uma equipe inteira (sejam equipes comerciais, operacionais ou interfuncionais): o objetivo \u00e9 ajud\u00e1-los a identificar como funcionam como um grupo e a ver como melhor\u00e1-los.<\/p>\n<p>A tarefa do treinador \u00e9 destacar qualquer mau funcionamento, refor\u00e7ando a coes\u00e3o do grupo e garantindo um bom ambiente de trabalho. Para isso, um bom treinador tem que lidar com o grupo, combinando a autoridade do l\u00edder com o potencial individual de cada funcion\u00e1rio.<\/p>\n<h3><span class=\"ez-toc-section\" id=\"coaching-de-organizacao\"><\/span>Coaching de organiza\u00e7\u00e3o<span class=\"ez-toc-section-end\"><\/span><\/h3>\n<p>O coaching organizacional tem freq\u00fcentemente a miss\u00e3o de acompanhar a mudan\u00e7a em uma empresa; \u00e9 por isso que ele pode ser composto de v\u00e1rios tipos de coaching e visar diferentes atores: ele pode abordar todo o ecossistema de um coachee, por exemplo (com a cria\u00e7\u00e3o de um comit\u00ea de dire\u00e7\u00e3o que acompanha todo o processo), mas tamb\u00e9m pode ser um coaching coletivo de v\u00e1rias equipes (equipes de administra\u00e7\u00e3o, equipes de neg\u00f3cios, etc.) Finalmente, o coaching organizacional pode ser um coaching espec\u00edfico de tomadores de decis\u00e3o ou atores internos e externos desta mudan\u00e7a.<\/p>\n<div class=\"blocTips success-light\">\n<p><i class=\"fa fa-book\"><\/i><span class=\"title is-5\">Indo mais al\u00e9m<\/span><\/p>\n<ul>\n<li><a href=\"https:\/\/salesdorado.com\/prospection-commerciale\/meilleurs-livres-vente\/\">Os melhores livros sobre vendas<\/a>, de acordo com os principais l\u00edderes de vendas da Fran\u00e7a<\/li>\n<li><a href=\"https:\/\/salesdorado.com\/strategie-commerciale\/motiver-equipe-commerciale\/\">25 maneiras de motivar suas equipes de vendas<\/a><\/li>\n<li><a href=\"https:\/\/salesdorado.com\/strategie-commerciale\/alignement-ventes-marketing\/\">Como alinhar melhor as equipes de marketing e vendas<\/a><\/li>\n<\/ul>\n<\/div>\n<h2><span class=\"ez-toc-section\" id=\"como-funciona-um-servico-de-coaching-profissional\"><\/span>Como funciona um servi\u00e7o de coaching profissional?<span class=\"ez-toc-section-end\"><\/span><\/h2>\n<h3><span class=\"ez-toc-section\" id=\"1-definir-os-objetivos-da-intervencao\"><\/span>1. Definir os objetivos da interven\u00e7\u00e3o<span class=\"ez-toc-section-end\"><\/span><\/h3>\n<p>Antes de tudo, o objetivo espec\u00edfico do processo deve ser definido com o treinador, de acordo com suas expectativas. Ent\u00e3o, este objetivo \u00e9 definido de acordo com o tipo de apoio necess\u00e1rio para melhor atender suas necessidades: coaching individual? coaching em grupo?<\/p>\n<h3><span class=\"ez-toc-section\" id=\"2-definir-a-estrutura-de-intervencao\"><\/span>2. Definir a estrutura de interven\u00e7\u00e3o<span class=\"ez-toc-section-end\"><\/span><\/h3>\n<p>Definir uma estrutura de interven\u00e7\u00e3o significa concordar sobre a dura\u00e7\u00e3o do apoio, em termos de n\u00famero de sess\u00f5es ou durante um per\u00edodo de tempo definido, etc., a ser estimado durante as primeiras trocas com o treinador.<\/p>\n<p>Tamb\u00e9m significa estabelecer uma estrutura para reuni\u00f5es, individuais ou coletivas, presenciais ou por videoconfer\u00eancia, que tamb\u00e9m pode ser adaptada de acordo com os m\u00e9todos de trabalho de cada parte.<\/p>\n<h3><span class=\"ez-toc-section\" id=\"3-metodos-e-exercicios\"><\/span>3. M\u00e9todos e exerc\u00edcios<span class=\"ez-toc-section-end\"><\/span><\/h3>\n<p>Em termos concretos, as sess\u00f5es de coaching incluem exerc\u00edcios e experimentos a serem realizados, em particular para aplicar o conte\u00fado das sess\u00f5es e interc\u00e2mbios com o coach em termos concretos.<\/p>\n<div class=\"blocTips danger-light\">\n<p><i class=\"fa fa-exclamation-triangle\"><\/i><span class=\"title is-5\">Aten\u00e7\u00e3o<\/span><\/p>\n<p>N\u00e3o se deve esquecer que, no contexto de um servi\u00e7o de coaching, \u00e9 o coachee quem faz a maior parte do trabalho. \u00c9 fundamental que todos estejam alinhados com o que se espera do coachee tanto em termos de objetivos, como tamb\u00e9m em termos muito concretos de a\u00e7\u00f5es a serem tomadas (exerc\u00edcios, etc.).<\/p>\n<\/div>\n<p>O objetivo do treinador n\u00e3o \u00e9 de micro-gerenciar, mas sim de comunicar em excesso, garantindo que o servi\u00e7o seja realizado sem surpresas e permitindo que a(s) pessoa(s) beneficiada(s) pelo treinamento assuma(m) a responsabilidade.<\/p>\n<h3><span class=\"ez-toc-section\" id=\"4-medindo-o-resultado\"><\/span>4. Medindo o resultado<span class=\"ez-toc-section-end\"><\/span><\/h3>\n<p>O objetivo do coaching \u00e9 acima de tudo alcan\u00e7ar resultados concretos e mensur\u00e1veis, seja para a pr\u00f3pria carreira profissional ou para a pr\u00f3pria empresa.<\/p>\n<div class=\"blocTips success-light\">\n<p><i class=\"fa fa-book\"><\/i><span class=\"title is-5\">Indo mais al\u00e9m<\/span><\/p>\n<ul>\n<li><a href=\"https:\/\/www.koi-coaching.fr\/outils-de-coaching-seances-efficaces\/\" target=\"_blank;\" rel=\"noopener\">Ferramentas de coaching: exemplos ilustrados<\/a><\/li>\n<\/ul>\n<\/div>\n<h2><span class=\"ez-toc-section\" id=\"coaching-profissional-para-quem\"><\/span>Coaching profissional: para quem?<span class=\"ez-toc-section-end\"><\/span><\/h2>\n<h3><span class=\"ez-toc-section\" id=\"1-os-membros-do-codice\"><\/span>1. Os membros do c\u00f3dice<span class=\"ez-toc-section-end\"><\/span><\/h3>\n<p>At\u00e9 mesmo os melhores gerentes precisam de treinamento! Este \u00e9 freq\u00fcentemente o caso quando se assume uma nova posi\u00e7\u00e3o que envolve mais responsabilidade: os riscos mudam e isto pode levar a um aumento do estresse e prejudicar o desempenho do coachee.<\/p>\n<h3><span class=\"ez-toc-section\" id=\"2-gestao-intermediaria\"><\/span>2. Gest\u00e3o intermedi\u00e1ria<span class=\"ez-toc-section-end\"><\/span><\/h3>\n<p>O coaching muitas vezes se concentra em l\u00edderes ou trabalhadores da linha de frente para garantir o crescimento dos neg\u00f3cios, mas o coaching de equipes intermedi\u00e1rias \u00e9 essencial para atingir as metas comerciais e ao mesmo tempo promover a mobilidade interna.<\/p>\n<h3><span class=\"ez-toc-section\" id=\"3-os-pilares-operacionais-da-organizacao\"><\/span>3. Os pilares operacionais da organiza\u00e7\u00e3o<span class=\"ez-toc-section-end\"><\/span><\/h3>\n<p>Trata-se de treinar todos os funcion\u00e1rios para estar alinhado com a vis\u00e3o da empresa e assim melhorar sua produtividade. \u00c9 tamb\u00e9m um bom investimento para encoraj\u00e1-los a desenvolver habilidades suaves e assim fomentar sua iniciativa.<\/p>\n<div class=\"blocTips success-light\">\n<p><i class=\"fa fa-book\"><\/i><span class=\"title is-5\">Indo mais al\u00e9m<\/span><\/p>\n<ul>\n<li><a href=\"https:\/\/www.retc-coaching.fr\/quest-ce-que-le-coaching-de-dirigeants-et-managers\/\" target=\"_blank;\" rel=\"noopener\">Coaching executivo: defini\u00e7\u00e3o &amp; quest\u00f5es<\/a><\/li>\n<li><a href=\"https:\/\/blog.incenteev.com\/fr\/2016\/04\/coaching-commercial-5-secrets-reussite\" target=\"_blank;\" rel=\"noopener\">Coaching de vendas: 5 fatores para o sucesso<\/a><\/li>\n<\/ul>\n<\/div>\n<h2><span class=\"ez-toc-section\" id=\"quando-devo-chamar-um-treinador-profissional\"><\/span>Quando devo chamar um treinador profissional?<span class=\"ez-toc-section-end\"><\/span><\/h2>\n<p>H\u00e1 muitas raz\u00f5es para usar um treinador profissional:<\/p>\n<h3><span class=\"ez-toc-section\" id=\"1-para-uma-gestao-de-mudancas-bem-sucedida\"><\/span>1. Para uma gest\u00e3o de mudan\u00e7as bem sucedida<span class=\"ez-toc-section-end\"><\/span><\/h3>\n<p>Pesquisas recentes mostraram que 70% dos projetos de gerenciamento de mudan\u00e7as falham, especialmente devido \u00e0 aus\u00eancia de embaixadores de mudan\u00e7as, especialmente na ger\u00eancia intermedi\u00e1ria. Ser um embaixador da mudan\u00e7a n\u00e3o \u00e9 algo que possa ser improvisado, mas \u00e9 essencial motivar equipes para acompanhar esta mudan\u00e7a, desde o simples funcion\u00e1rio at\u00e9 o executivo.<\/p>\n<h3><span class=\"ez-toc-section\" id=\"2-para-desenvolver-habilidades-de-soft-skills-em-sua-organizacao\"><\/span>2. Para desenvolver habilidades de soft-skills em sua organiza\u00e7\u00e3o<span class=\"ez-toc-section-end\"><\/span><\/h3>\n<p>Embora as compet\u00eancias transversais tenham sido sempre essenciais em uma organiza\u00e7\u00e3o, elas se tornaram indispens\u00e1veis com a dissemina\u00e7\u00e3o do trabalho remoto. Para os gerentes, por exemplo, \u00e9 uma quest\u00e3o de continuar a motivar suas equipes on-line e ajud\u00e1-los a fazer malabarismos com seu trabalho e sua vida privada.<\/p>\n<h3><span class=\"ez-toc-section\" id=\"3-para-promover-e-acelerar-a-mobilidade-interna\"><\/span>3. Para promover e acelerar a mobilidade interna<span class=\"ez-toc-section-end\"><\/span><\/h3>\n<p>Muitas empresas se concentram em atrair novos talentos quando j\u00e1 possuem um pool de talentos! Apoiar os talentos existentes para incentivar a mobilidade interna \u00e9 uma aposta vencedora para aumentar o crescimento de sua empresa.<\/p>\n<h3><span class=\"ez-toc-section\" id=\"4-para-fomentar-uma-cultura-corporativa-mais-inclusiva\"><\/span>4. Para fomentar uma cultura corporativa mais inclusiva<span class=\"ez-toc-section-end\"><\/span><\/h3>\n<p>As organiza\u00e7\u00f5es de hoje est\u00e3o conscientes da necessidade de fomentar uma cultura corporativa mais inclusiva: o coaching de carreira pode ajudar a integrar equipes mais diversas, criar oportunidades para diversos talentos, ou adaptar suas equipes a novas experi\u00eancias!<\/p>\n<div class=\"blocTips success-light\">\n<p><i class=\"fa fa-book\"><\/i><span class=\"title is-5\">Indo mais al\u00e9m<\/span><\/p>\n<ul>\n<li><a href=\"https:\/\/www.manager-go.com\/gestion-de-projet\/conduite-du-changement.htm\" target=\"_blank;\" rel=\"noopener\">Gerenciamento de mudan\u00e7as: Defini\u00e7\u00e3o &amp; Quest\u00f5es<\/a><\/li>\n<li><a href=\"https:\/\/salesdorado.com\/strategie-commerciale\/ethique-vente\/\" target=\"_blank;\" rel=\"noopener\">\u00c9tica e Vendas: construindo uma organiza\u00e7\u00e3o de vendas da qual voc\u00ea pode se orgulhar<\/a><\/li>\n<\/ul>\n<\/div>\n<h2><span class=\"ez-toc-section\" id=\"como-escolher-um-treinador-profissional\"><\/span>Como escolher um treinador profissional?<span class=\"ez-toc-section-end\"><\/span><\/h2>\n<h3><span class=\"ez-toc-section\" id=\"1-faca-uma-selecao-de-cerca-de-dez-coaches-especializados-no-tema-que-lhe-interessa\"><\/span>1. Fa\u00e7a uma sele\u00e7\u00e3o de cerca de dez coaches especializados no tema que lhe interessa<span class=\"ez-toc-section-end\"><\/span><\/h3>\n<p>Voc\u00ea pode come\u00e7ar definindo os temas que lhe interessam, a fim de buscar treinadores especializados nestas \u00e1reas. Poderia ser uma reorienta\u00e7\u00e3o profissional, gest\u00e3o de conflitos, apoio para assumir um novo cargo, em suma, tantos temas que s\u00e3o ent\u00e3o palavras-chave para encontrar o treinador ideal.<\/p>\n<p>Em segundo lugar, a boca a boca \u00e9 sempre uma maneira muito boa para voc\u00ea estabelecer uma lista restrita de cerca de dez treinadores com base no feedback das pessoas ao seu redor.<\/p>\n<h3><span class=\"ez-toc-section\" id=\"2-selecione-os-treinadores-que-se-ajustam-ao-seu-orcamento-e-as-suas-restricoes-logisticas\"><\/span>2. Selecione os treinadores que se ajustam ao seu or\u00e7amento e \u00e0s suas restri\u00e7\u00f5es &#8220;log\u00edsticas<span class=\"ez-toc-section-end\"><\/span><\/h3>\n<p>N\u00e3o \u00e9 segredo que o coaching profissional muitas vezes \u00e9 bastante caro, especialmente porque as empresas nem sempre o pagam porque n\u00e3o \u00e9 considerado como treinamento. Voc\u00ea sempre pode pedir a seu empregador que o financie em caso de dificuldades profissionais, mas muitas vezes ele estar\u00e1 fora do seu bolso. Da\u00ed a import\u00e2ncia de n\u00e3o negligenciar o or\u00e7amento ao escolher um treinador.<\/p>\n<p>Mesmo que as sess\u00f5es on-line estejam se tornando cada vez mais comuns, talvez voc\u00ea prefira conhecer seu treinador pessoalmente: neste caso, leve tamb\u00e9m em conta a localiza\u00e7\u00e3o do treinador. Se voc\u00ea tem uma sess\u00e3o por semana, \u00e9 melhor n\u00e3o escolher um treinador que esteja muito longe&#8230;<\/p>\n<h3><span class=\"ez-toc-section\" id=\"3-valide-a-experiencia-e-as-credenciacoes-de-sua-selecao\"><\/span>3. Valide a experi\u00eancia e as credencia\u00e7\u00f5es de sua sele\u00e7\u00e3o<span class=\"ez-toc-section-end\"><\/span><\/h3>\n<p>Os coaches profissionais muitas vezes t\u00eam forma\u00e7\u00f5es e forma\u00e7\u00f5es muito diversas, desde psicologia at\u00e9 RH: n\u00e3o hesite em perguntar sobre suas certifica\u00e7\u00f5es e credenciamentos. Especialmente porque nem todas as escolas de coaching na Fran\u00e7a s\u00e3o iguais: \u00e9 por isso que as principais associa\u00e7\u00f5es de coaching podem emitir acredita\u00e7\u00f5es para remediar isto. Os mais conhecidos s\u00e3o<\/p>\n<ul>\n<li>A <a href=\"https:\/\/www.sfcoach.org\/\" target=\"_blank\" rel=\"noopener\">Sociedade Francesa de Coaching<\/a> (SF Coach)<\/li>\n<li>A<a href=\"https:\/\/www.coachfederation.fr\/\" target=\"_blank\" rel=\"noopener\">Federa\u00e7\u00e3o Internacional de Coaching<\/a> (ICF)<\/li>\n<li>O<a href=\"https:\/\/www.emccfrance.org\/\" target=\"_blank\" rel=\"noopener\">Conselho Europeu de Mentoreamento e Coaching<\/a> (EMCC).<\/li>\n<\/ul>\n<p>O Estado tamb\u00e9m supervisiona o coaching, com uma certifica\u00e7\u00e3o registrada no Diret\u00f3rio Nacional de Certifica\u00e7\u00f5es Profissionais <a href=\"https:\/\/www.francecompetences.fr\/recherche_certificationprofessionnelle\/\" target=\"_blank\" rel=\"noopener\">(RNCP<\/a> ).<\/p>\n<p>Finalmente, n\u00e3o se esque\u00e7a de perguntar sobre sua experi\u00eancia anterior: para quem eles j\u00e1 trabalharam antes? Eles foram recomendados a voc\u00ea? Que tipo de treinamento eles fazem?<\/p>\n<h3><span class=\"ez-toc-section\" id=\"4-faca-uma-lista-dos-3-que-melhor-se-adaptam-as-suas-necessidades-e-confie-em-sua-intuicao\"><\/span>4. Fa\u00e7a uma lista dos 3 que melhor se adaptam \u00e0s suas necessidades, e confie em sua intui\u00e7\u00e3o.<span class=\"ez-toc-section-end\"><\/span><\/h3>\n<p>N\u00e3o lhe ensinaremos nada aqui, mas confie em sua intui\u00e7\u00e3o para fazer uma sele\u00e7\u00e3o final a partir de sua lista restrita de treinadores. N\u00e3o hesite em reunir o m\u00e1ximo poss\u00edvel de informa\u00e7\u00f5es sobre eles atrav\u00e9s de seus websites, curr\u00edculos, artigos publicados, etc., a fim de ter uma id\u00e9ia mais precisa da pessoa que ir\u00e1 acompanh\u00e1-lo.<\/p>\n<div class=\"blocTips primary-light\">\n<p><i class=\"fa fa-lightbulb-o\"><\/i><span class=\"title is-5\">Conselhos do Salesdorado<\/span><\/p>\n<p>Se voc\u00ea n\u00e3o tiver certeza, muitas vezes vale a pena fazer uma sess\u00e3o inicial com dois ou tr\u00eas t\u00e9cnicos para discutir e ver se voc\u00ea se sente confiante com ele\/ela. N\u00e3o \u00e9 em uma sess\u00e3o que voc\u00ea alcan\u00e7ar\u00e1 seus objetivos profissionais, mas lhe permitir\u00e1 selecionar aquele com quem voc\u00ea se sente melhor.<\/p>\n<\/div>\n<ol class=\"comment-list\">\n<\/ol>\n","protected":false},"excerpt":{"rendered":"<p>Coaching Profissional: Defini\u00e7\u00e3o Defini\u00e7\u00e3o em resumo Coaching profissional \u00e9 um modo de apoio no qual [&hellip;]<\/p>\n","protected":false},"author":49,"featured_media":0,"parent":0,"menu_order":0,"comment_status":"closed","ping_status":"closed","template":"level_two.php","meta":{"_acf_changed":false,"footnotes":""},"class_list":["post-39913","page","type-page","status-publish","hentry"],"acf":[],"yoast_head":"<!-- This site is optimized with the Yoast SEO plugin v27.3 - https:\/\/yoast.com\/product\/yoast-seo-wordpress\/ -->\n<title>Coaching profisionnal | Salesdorado<\/title>\n<meta name=\"robots\" content=\"index, follow, max-snippet:-1, max-image-preview:large, max-video-preview:-1\" \/>\n<link rel=\"canonical\" href=\"https:\/\/salesdorado.com\/pt-br\/coaching-profisionnal\/\" \/>\n<meta property=\"og:locale\" content=\"pt_BR\" \/>\n<meta property=\"og:type\" content=\"article\" \/>\n<meta property=\"og:title\" content=\"Coaching profisionnal | Salesdorado\" \/>\n<meta property=\"og:description\" content=\"Coaching Profissional: Defini\u00e7\u00e3o Defini\u00e7\u00e3o em resumo Coaching profissional \u00e9 um modo de apoio no qual [&hellip;]\" \/>\n<meta property=\"og:url\" content=\"https:\/\/salesdorado.com\/pt-br\/coaching-profisionnal\/\" \/>\n<meta property=\"og:site_name\" content=\"Salesdorado\" \/>\n<meta property=\"article:modified_time\" content=\"2023-05-11T14:16:06+00:00\" \/>\n<meta name=\"twitter:card\" content=\"summary_large_image\" \/>\n<meta name=\"twitter:label1\" content=\"Est. tempo de leitura\" \/>\n\t<meta name=\"twitter:data1\" content=\"10 minutos\" \/>\n<!-- \/ Yoast SEO plugin. -->","yoast_head_json":{"title":"Coaching profisionnal | Salesdorado","robots":{"index":"index","follow":"follow","max-snippet":"max-snippet:-1","max-image-preview":"max-image-preview:large","max-video-preview":"max-video-preview:-1"},"canonical":"https:\/\/salesdorado.com\/pt-br\/coaching-profisionnal\/","og_locale":"pt_BR","og_type":"article","og_title":"Coaching profisionnal | Salesdorado","og_description":"Coaching Profissional: Defini\u00e7\u00e3o Defini\u00e7\u00e3o em resumo Coaching profissional \u00e9 um modo de apoio no qual [&hellip;]","og_url":"https:\/\/salesdorado.com\/pt-br\/coaching-profisionnal\/","og_site_name":"Salesdorado","article_modified_time":"2023-05-11T14:16:06+00:00","twitter_card":"summary_large_image","twitter_misc":{"Est. tempo de leitura":"10 minutos"},"schema":{"@context":"https:\/\/schema.org","@graph":[{"@type":"WebPage","@id":"https:\/\/salesdorado.com\/pt-br\/coaching-profisionnal\/","url":"https:\/\/salesdorado.com\/pt-br\/coaching-profisionnal\/","name":"Coaching profisionnal | Salesdorado","isPartOf":{"@id":"https:\/\/salesdorado.com\/pt-br\/#website"},"datePublished":"2021-11-05T18:31:12+00:00","dateModified":"2023-05-11T14:16:06+00:00","breadcrumb":{"@id":"https:\/\/salesdorado.com\/pt-br\/coaching-profisionnal\/#breadcrumb"},"inLanguage":"pt-BR","potentialAction":[{"@type":"ReadAction","target":["https:\/\/salesdorado.com\/pt-br\/coaching-profisionnal\/"]}]},{"@type":"BreadcrumbList","@id":"https:\/\/salesdorado.com\/pt-br\/coaching-profisionnal\/#breadcrumb","itemListElement":[{"@type":"ListItem","position":1,"name":"Home","item":"https:\/\/salesdorado.com\/pt-br\/"},{"@type":"ListItem","position":2,"name":"Coaching profisionnal"}]},{"@type":"WebSite","@id":"https:\/\/salesdorado.com\/pt-br\/#website","url":"https:\/\/salesdorado.com\/pt-br\/","name":"Salesdorado","description":"A m\u00eddia de refer\u00eancia para vendas B2B","publisher":{"@id":"https:\/\/salesdorado.com\/pt-br\/#organization"},"potentialAction":[{"@type":"SearchAction","target":{"@type":"EntryPoint","urlTemplate":"https:\/\/salesdorado.com\/pt-br\/?s={search_term_string}"},"query-input":{"@type":"PropertyValueSpecification","valueRequired":true,"valueName":"search_term_string"}}],"inLanguage":"pt-BR"},{"@type":"Organization","@id":"https:\/\/salesdorado.com\/pt-br\/#organization","name":"Salesdorado","url":"https:\/\/salesdorado.com\/pt-br\/","logo":{"@type":"ImageObject","inLanguage":"pt-BR","@id":"https:\/\/salesdorado.com\/pt-br\/#\/schema\/logo\/image\/","url":"https:\/\/salesdorado.com\/wp-content\/uploads\/2023\/09\/sdo-icon.png","contentUrl":"https:\/\/salesdorado.com\/wp-content\/uploads\/2023\/09\/sdo-icon.png","width":176,"height":176,"caption":"Salesdorado"},"image":{"@id":"https:\/\/salesdorado.com\/pt-br\/#\/schema\/logo\/image\/"}}]}},"_links":{"self":[{"href":"https:\/\/salesdorado.com\/pt-br\/wp-json\/wp\/v2\/pages\/39913","targetHints":{"allow":["GET"]}}],"collection":[{"href":"https:\/\/salesdorado.com\/pt-br\/wp-json\/wp\/v2\/pages"}],"about":[{"href":"https:\/\/salesdorado.com\/pt-br\/wp-json\/wp\/v2\/types\/page"}],"author":[{"embeddable":true,"href":"https:\/\/salesdorado.com\/pt-br\/wp-json\/wp\/v2\/users\/49"}],"replies":[{"embeddable":true,"href":"https:\/\/salesdorado.com\/pt-br\/wp-json\/wp\/v2\/comments?post=39913"}],"version-history":[{"count":0,"href":"https:\/\/salesdorado.com\/pt-br\/wp-json\/wp\/v2\/pages\/39913\/revisions"}],"wp:attachment":[{"href":"https:\/\/salesdorado.com\/pt-br\/wp-json\/wp\/v2\/media?parent=39913"}],"curies":[{"name":"wp","href":"https:\/\/api.w.org\/{rel}","templated":true}]}}