{"id":39919,"date":"2020-04-11T14:25:38","date_gmt":"2020-04-11T14:25:38","guid":{"rendered":"https:\/\/salesdorado.com\/staging\/?page_id=39919"},"modified":"2023-05-11T14:19:44","modified_gmt":"2023-05-11T14:19:44","slug":"contratar","status":"publish","type":"page","link":"https:\/\/salesdorado.com\/pt-br\/contratar\/","title":{"rendered":"Contratar"},"content":{"rendered":"<p>O recrutamento de vendedores \u00e9 um processo demorado e \u00e0s vezes muito dif\u00edcil. E mais, n\u00e3o h\u00e1 espa\u00e7o para erros! Para ajud\u00e1-lo nesta tediosa tarefa, oferecemos um guia completo para o recrutamento eficiente de um ou mais representantes de vendas. <\/p>\n<p>Primeiro, n\u00f3s o ajudaremos a enquadrar seu projeto de recrutamento, depois a preparar e postar sua oferta de emprego. Em seguida, lhe diremos como processar e acompanhar as candidaturas e, finalmente, como avaliar os candidatos. <\/p>\n<p>No final deste guia, voc\u00ea encontrar\u00e1 um kit completo com v\u00e1rios recursos \u00fateis para conduzir ou delegar seu recrutamento:<\/p>\n<h2><span class=\"ez-toc-section\" id=\"1-enquadramento-do-projeto-de-recrutamento-de-vendas\"><\/span>#1 &#8211; Enquadramento do projeto de recrutamento de vendas<span class=\"ez-toc-section-end\"><\/span><\/h2>\n<h3><span class=\"ez-toc-section\" id=\"as-questoes-chave\"><\/span>As quest\u00f5es-chave<span class=\"ez-toc-section-end\"><\/span><\/h3>\n<p>Antes de escrever e publicar um an\u00fancio de recrutamento, \u00e9 imperativo fazer a si mesmo uma s\u00e9rie de perguntas:<\/p>\n<ul>\n<li>Que perfil voc\u00ea est\u00e1 procurando?<\/li>\n<li>Qual \u00e9 a sua antiguidade? J\u00fanior, especialista &#8230; ?<\/li>\n<li>Qual \u00e9 o seu n\u00edvel de experi\u00eancia no setor?<\/li>\n<\/ul>\n<h3><span class=\"ez-toc-section\" id=\"definicao-das-condicoes-de-remuneracao\"><\/span>Defini\u00e7\u00e3o das condi\u00e7\u00f5es de remunera\u00e7\u00e3o<span class=\"ez-toc-section-end\"><\/span><\/h3>\n<p>Ao estabelecer as condi\u00e7\u00f5es de remunera\u00e7\u00e3o, h\u00e1 v\u00e1rios crit\u00e9rios-chave a serem considerados:<\/p>\n<ul>\n<li>Certifique-se sempre de respeitar o equil\u00edbrio salarial em sua empresa<\/li>\n<li>Qual \u00e9 a divis\u00e3o entre pagamento fixo e vari\u00e1vel?<\/li>\n<li>Como \u00e9 calculada a vari\u00e1vel?<\/li>\n<\/ul>\n<p>Voc\u00ea precisa estabelecer um mecanismo claro e sem ambig\u00fcidades. Eles receber\u00e3o comiss\u00e3o com base no faturamento? Haver\u00e1 b\u00f4nus com base no faturamento, margem bruta ou n\u00famero de clientes?<\/p>\n<p>Para ajud\u00e1-lo nesta tarefa, aqui est\u00e1 uma tabela de sal\u00e1rios m\u00e9dios no setor industrial. Como voc\u00ea pode ver, ele varia dependendo da posi\u00e7\u00e3o, mas tamb\u00e9m do n\u00edvel de senioridade.<\/p>\n<p><img decoding=\"async\" src=\"\/wp-content\/uploads\/2020\/04\/Screenshot-2020-04-11-at-16.36.02-1024x443.png\" \/><\/p>\n<p>Al\u00e9m dos sal\u00e1rios m\u00e9dios do setor, aqui est\u00e1 uma proje\u00e7\u00e3o do custo de contrata\u00e7\u00e3o de vendedores em uma empresa:<\/p>\n<p><img decoding=\"async\" src=\"\/wp-content\/uploads\/2020\/04\/Screenshot-2020-04-11-at-16.37.46-1024x564.png\" \/><\/p>\n<h3><span class=\"ez-toc-section\" id=\"definicao-do-processo-de-recrutamento-divisao-de-tarefas\"><\/span>Defini\u00e7\u00e3o do processo de recrutamento \/ Divis\u00e3o de tarefas<span class=\"ez-toc-section-end\"><\/span><\/h3>\n<p>Durante seu processo de recrutamento, \u00e9 importante dividir as tarefas para ser o mais eficiente poss\u00edvel. Aqui est\u00e3o os diferentes passos que voc\u00ea pode dar:<\/p>\n<ul>\n<li>1. O candidato se candidata atrav\u00e9s do formul\u00e1rio <a href=\"https:\/\/salesdorado.com\/pt-br\/inbound-marketing\/google-business\/\" data-internallinksmanager029f6b8e52c=\"89\" title=\"Google My Biz\">Google<\/a> indicado no an\u00fancio (n\u00e3o esque\u00e7a de adicionar um redirecionamento ao formul\u00e1rio para aqueles que se candidatam por e-mail).<\/li>\n<li>2. Jean analisa as solicita\u00e7\u00f5es recebidas todos os dias e seleciona os perfis a serem entrevistados<\/li>\n<li>3. Jean conduz a primeira entrevista. Ao final da entrevista, ele atualiza o acompanhamento do candidato e notifica Nicolas.<\/li>\n<li>4. Nicolas analisa os candidatos que passaram na primeira entrevista. Ele prop\u00f5e uma segunda entrevista para aqueles que ele selecionou.<\/li>\n<li>5. Nicolas conduz a segunda entrevista e depois atualiza o acompanhamento do candidato.<\/li>\n<li>6. Nicolas faz uma oferta ao candidato bem sucedido.<\/li>\n<\/ul>\n<h2><span class=\"ez-toc-section\" id=\"2-preparando-sua-oferta-de-trabalho\"><\/span>#2 &#8211; Preparando sua oferta de trabalho<span class=\"ez-toc-section-end\"><\/span><\/h2>\n<p>Agora que voc\u00ea j\u00e1 tem seu projeto de recrutamento em ordem, \u00e9 hora de come\u00e7ar a preparar sua oferta de emprego.<\/p>\n<h3><span class=\"ez-toc-section\" id=\"referencia-de-ofertas-de-emprego-em-seu-setor\"><\/span>Refer\u00eancia de ofertas de emprego em seu setor<span class=\"ez-toc-section-end\"><\/span><\/h3>\n<p>Antes de come\u00e7ar a escrever seu an\u00fancio de emprego, aconselhamos fortemente que voc\u00ea d\u00ea uma olhada nas diferentes ofertas de emprego de outras empresas para uma posi\u00e7\u00e3o semelhante. Isto o ajudar\u00e1 a encontrar inspira\u00e7\u00e3o. Para ajud\u00e1-lo a identificar rapidamente as vagas relevantes, produzimos uma refer\u00eancia bastante abrangente de empregos de vendas.<\/p>\n<p><img decoding=\"async\" src=\"\/wp-content\/uploads\/2020\/04\/Screenshot-2020-04-11-at-16.40.18-1024x394.png\" \/><\/p>\n<p>A fim de identificar os an\u00fancios mais relevantes em seu caso, voc\u00ea tem a possibilidade de filtrar os an\u00fancios por antiguidade, setor, tipo de contrato, etc.<\/p>\n<h2><span class=\"ez-toc-section\" id=\"3-postar-a-oferta-de-trabalho\"><\/span>#3 &#8211; Postar a oferta de trabalho<span class=\"ez-toc-section-end\"><\/span><\/h2>\n<p>Agora que sua oferta de trabalho est\u00e1 pronta, \u00e9 hora de distribu\u00ed-la da melhor maneira poss\u00edvel.<\/p>\n<h3><span class=\"ez-toc-section\" id=\"escolha-da-midia-de-divulgacao\"><\/span>Escolha da m\u00eddia de divulga\u00e7\u00e3o<span class=\"ez-toc-section-end\"><\/span><\/h3>\n<p>H\u00e1 uma s\u00e9rie de maneiras de anunciar sua oferta de emprego:<\/p>\n<ul>\n<li>Os portais de trabalho mais conhecidos, como LeBonCoin, Indeed, APEC, RegionsJob ou Welcome to the Jungle.<\/li>\n<li>Diretamente nas Intranets das melhores escolas, como HEC, ESSEC, Science PO, Audencia, etc.<\/li>\n<li>Grupos do Facebook com milhares de membros. Podemos mencionar Startup franc\u00eas, BONS PLANS # Jobs &amp; Stages ou Empregos em Paris.<\/li>\n<li>Finalmente, h\u00e1 dezenas de ag\u00eancias de recrutamento que est\u00e3o l\u00e1 para facilitar seu trabalho.<\/li>\n<\/ul>\n<p>Como voc\u00ea pode ver, os lugares onde voc\u00ea pode postar seu an\u00fancio s\u00e3o diversos. Voc\u00ea encontrar\u00e1 um arquivo no qual listamos a maioria dos websites, intranets escolares, grupos do Facebook e ag\u00eancias de recrutamento no kit de recrutamento.<\/p>\n<h3><span class=\"ez-toc-section\" id=\"a-arte-de-delegar-tarefas\"><\/span>A arte de delegar tarefas<span class=\"ez-toc-section-end\"><\/span><\/h3>\n<p>Para delegar este tedioso trabalho, \u00e9 imperativo que o processo seja bem estruturado. Para conseguir isso, aqui est\u00e3o algumas dicas pr\u00e1ticas:<\/p>\n<ul>\n<li>1. Manter um documento com uma lista abrangente de conselhos de trabalho \/ escolas de neg\u00f3cios \/ grupos Linkedin ou outro tipo de apoio.<\/li>\n<li>2. Pe\u00e7a ao j\u00fanior para preencher uma guia no documento de acompanhamento da aplica\u00e7\u00e3o com a lista de sites\/grupos onde a vaga foi publicada. A data deve ser especificada em cada caso, para que seja f\u00e1cil identificar aqueles que precisam ser atualizados.<\/li>\n<li>3. Use um endere\u00e7o de e-mail como <span class=\"__cf_email__\" data-cfemail=\"f79d989584dc959896859384b79a9899929983859287859e8492d994989a\">[email&#160;protected]<\/span> como login para se registrar nas plataformas, e configure um filtro autom\u00e1tico nos e-mails que chegam em <span class=\"__cf_email__\" data-cfemail=\"660c0904154d04090714021526\">[email&#160;protected]<\/span> para diferenci\u00e1-los dos que chegam em <span class=\"__cf_email__\" data-cfemail=\"dfb5b0bdac9ff1\">[email&#160;protected]<\/span><\/li>\n<\/ul>\n<h2><span class=\"ez-toc-section\" id=\"4-processo-e-acompanhamento-de-aplicacoes-de-vendas\"><\/span>#4 &#8211; Processo e acompanhamento de aplica\u00e7\u00f5es de vendas<span class=\"ez-toc-section-end\"><\/span><\/h2>\n<p>Agora que a sua vaga foi publicada, voc\u00ea receber\u00e1 um grande n\u00famero de inscri\u00e7\u00f5es. Voc\u00ea ter\u00e1 que process\u00e1-los e acompanh\u00e1-los. Veja como fazer isso:<\/p>\n<h3><span class=\"ez-toc-section\" id=\"1-os-candidatos-devem-preencher-um-formulario-de-inscricao\"><\/span>1. Os candidatos devem preencher um formul\u00e1rio de inscri\u00e7\u00e3o<span class=\"ez-toc-section-end\"><\/span><\/h3>\n<p>Ao inv\u00e9s de convidar os candidatos a enviar seu CV e uma poss\u00edvel carta de apresenta\u00e7\u00e3o para <span class=\"__cf_email__\" data-cfemail=\"9af0f5f8e9daf7f5f4fff4eee8ffeae8f3e9ffb4f9f5f7\">[email&#160;protected]<\/span>, recomendamos que voc\u00ea os convide a preencher um formul\u00e1rio. H\u00e1 duas grandes vantagens para isso:<\/p>\n<ul>\n<li>Todas as aplica\u00e7\u00f5es ser\u00e3o vis\u00edveis em uma \u00fanica tabela GSheet \/ Excel. O processamento das aplica\u00e7\u00f5es \u00e9 ent\u00e3o muito mais r\u00e1pido do que por e-mail.<\/li>\n<li>Voc\u00ea pode solicitar informa\u00e7\u00f5es espec\u00edficas\/perguntas espec\u00edficas no formul\u00e1rio, tornando-o uma etapa de pr\u00e9-qualifica\u00e7\u00e3o.<\/li>\n<\/ul>\n<p><img decoding=\"async\" src=\"\/wp-content\/uploads\/2020\/04\/Screenshot-2020-04-11-at-16.41.47-1024x668.png\" \/><\/p>\n<p>No kit completo dispon\u00edvel para download, oferecemos a voc\u00ea um exemplo de formul\u00e1rio de solicita\u00e7\u00e3o no Google Form.<\/p>\n<h3><span class=\"ez-toc-section\" id=\"2-uma-pessoa-avalia-as-aplicacoes-e-propoe-uma-primeira-entrevista\"><\/span>2. Uma pessoa avalia as aplica\u00e7\u00f5es e prop\u00f5e uma primeira entrevista<span class=\"ez-toc-section-end\"><\/span><\/h3>\n<p>A partir dos dados coletados no formul\u00e1rio de solicita\u00e7\u00e3o inicial, j\u00e1 \u00e9 poss\u00edvel realizar um primeiro n\u00edvel de classifica\u00e7\u00e3o das solicita\u00e7\u00f5es. Uma ou duas pessoas em sua empresa devem ser respons\u00e1veis por anotar as solicita\u00e7\u00f5es recebidas a cada 2\/3 dias, no m\u00e1ximo.<\/p>\n<p><img decoding=\"async\" src=\"\/wp-content\/uploads\/2020\/04\/SDO-onglet-candidatures-.png\" \/><\/p>\n<p>Para todos os candidatos considerados relevantes, voc\u00ea pode oferecer uma primeira entrevista. Marcar compromissos pode ser bastante demorado. Ao utilizar ferramentas para automatizar esta etapa, como <a href=\"https:\/\/mixmax.com\/\" target=\"_blank\" rel=\"noopener noreferrer\">Mixmax<\/a> ou <a href=\"https:\/\/calendly.com\/\" target=\"_blank\" rel=\"noopener noreferrer\">Calendly<\/a>, voc\u00ea economizar\u00e1 tempo precioso.<\/p>\n<h3><span class=\"ez-toc-section\" id=\"3-entrevistas\"><\/span>3. Entrevistas<span class=\"ez-toc-section-end\"><\/span><\/h3>\n<p>As entrevistas podem ser realizadas por diferentes pessoas, mas o monitoramento geral do processo deve permanecer f\u00e1cil. Para isso, recomendamos que voc\u00ea utilize uma grade padr\u00e3o de entrevista para cada n\u00edvel de entrevista, e convidamos o entrevistador a copiar o modelo em um novo documento onde ele anotar\u00e1 seus coment\u00e1rios. O link para este documento deve ent\u00e3o ser colocado na pilha de <a href=\"https:\/\/springrecruit.com\/\" rel=\"noopener\" target=\"_blank\">rastreamento da aplica\u00e7\u00e3o<\/a>. Um modelo para a grade de entrevistas \u00e9 fornecido no kit de recrutamento.<\/p>\n<h2><span class=\"ez-toc-section\" id=\"5-avaliacao-de-candidatos\"><\/span>#5 &#8211; Avalia\u00e7\u00e3o de candidatos<span class=\"ez-toc-section-end\"><\/span><\/h2>\n<h3><span class=\"ez-toc-section\" id=\"distribua-os-objetivos-por-entrevista\"><\/span>Distribua os objetivos por entrevista<span class=\"ez-toc-section-end\"><\/span><\/h3>\n<p>Dependendo da posi\u00e7\u00e3o, voc\u00ea pode considerar dividir o processo em 1 a 3 entrevistas. Aqui est\u00e1 uma estrutura bastante padr\u00e3o para inspir\u00e1-lo:<\/p>\n<ul>\n<li>1. O objetivo da primeira entrevista \u00e9 avaliar o n\u00edvel geral do candidato, e especialmente excluir perfis inadequados.<\/li>\n<li>2. A segunda entrevista deve permitir avaliar as habilidades do candidato em algumas tarefas espec\u00edficas. Uma situa\u00e7\u00e3o ou estudo de caso \u00e9 uma boa maneira de obter uma boa avalia\u00e7\u00e3o.<\/li>\n<li>3. A \u00faltima entrevista permitir\u00e1 que voc\u00ea escolha entre 2 ou 3 candidatos. Voc\u00ea avaliar\u00e1 como eles se v\u00eaem no trabalho, e sua capacidade de integra\u00e7\u00e3o em sua equipe e processos nesta fase.<\/li>\n<\/ul>\n<h3><span class=\"ez-toc-section\" id=\"preparar-grelhas-de-entrevista-com-perguntas-padrao\"><\/span>Preparar grelhas de entrevista com perguntas padr\u00e3o<span class=\"ez-toc-section-end\"><\/span><\/h3>\n<p>\u00c9 fornecido um modelo de guia de entrevista, no qual voc\u00ea pode colocar perguntas pr\u00e9-selecionadas, ou suas pr\u00f3prias perguntas. Isto ajuda durante a entrevista a garantir que voc\u00ea tenha coberto todas as compet\u00eancias que voc\u00ea deseja avaliar.<\/p>\n<p><img decoding=\"async\" src=\"\/wp-content\/uploads\/2020\/03\/Screenshot-2020-04-11-at-15.09.51-916x1024.png\" \/><\/p>\n<p>Esta grade de entrevistas deve ajud\u00e1-lo a avaliar cada candidato de uma maneira met\u00f3dica. Lembre-se de colocar o link para a grade completa de entrevistas para cada candidato no acompanhamento de sua candidatura. Isto o ajudar\u00e1 a lembrar as entrevistas e a julgar as habilidades de cada candidato (mais) objetivamente.<\/p>\n","protected":false},"excerpt":{"rendered":"<p>O recrutamento de vendedores \u00e9 um processo demorado e \u00e0s vezes muito dif\u00edcil. E mais, [&hellip;]<\/p>\n","protected":false},"author":49,"featured_media":16316,"parent":0,"menu_order":0,"comment_status":"closed","ping_status":"closed","template":"level_two.php","meta":{"_acf_changed":false,"footnotes":""},"class_list":["post-39919","page","type-page","status-publish","has-post-thumbnail","hentry"],"acf":[],"yoast_head":"<!-- This site is optimized with the Yoast SEO plugin v27.3 - https:\/\/yoast.com\/product\/yoast-seo-wordpress\/ -->\n<title>Contratar | Salesdorado<\/title>\n<meta name=\"robots\" content=\"index, follow, max-snippet:-1, max-image-preview:large, max-video-preview:-1\" \/>\n<link rel=\"canonical\" href=\"https:\/\/salesdorado.com\/pt-br\/contratar\/\" \/>\n<meta property=\"og:locale\" content=\"pt_BR\" \/>\n<meta property=\"og:type\" content=\"article\" \/>\n<meta property=\"og:title\" content=\"Contratar | Salesdorado\" \/>\n<meta property=\"og:description\" content=\"O recrutamento de vendedores \u00e9 um processo demorado e \u00e0s vezes muito dif\u00edcil. E mais, [&hellip;]\" \/>\n<meta property=\"og:url\" content=\"https:\/\/salesdorado.com\/pt-br\/contratar\/\" \/>\n<meta property=\"og:site_name\" content=\"Salesdorado\" \/>\n<meta property=\"article:modified_time\" content=\"2023-05-11T14:19:44+00:00\" \/>\n<meta property=\"og:image\" content=\"https:\/\/salesdorado.com\/wp-content\/uploads\/2020\/04\/kit-recrutement.jpg\" \/>\n\t<meta property=\"og:image:width\" content=\"1440\" \/>\n\t<meta property=\"og:image:height\" content=\"810\" \/>\n\t<meta property=\"og:image:type\" content=\"image\/jpeg\" \/>\n<meta name=\"twitter:card\" content=\"summary_large_image\" \/>\n<meta name=\"twitter:label1\" content=\"Est. tempo de leitura\" \/>\n\t<meta name=\"twitter:data1\" content=\"7 minutos\" \/>\n<!-- \/ Yoast SEO plugin. -->","yoast_head_json":{"title":"Contratar | Salesdorado","robots":{"index":"index","follow":"follow","max-snippet":"max-snippet:-1","max-image-preview":"max-image-preview:large","max-video-preview":"max-video-preview:-1"},"canonical":"https:\/\/salesdorado.com\/pt-br\/contratar\/","og_locale":"pt_BR","og_type":"article","og_title":"Contratar | Salesdorado","og_description":"O recrutamento de vendedores \u00e9 um processo demorado e \u00e0s vezes muito dif\u00edcil. E mais, [&hellip;]","og_url":"https:\/\/salesdorado.com\/pt-br\/contratar\/","og_site_name":"Salesdorado","article_modified_time":"2023-05-11T14:19:44+00:00","og_image":[{"width":1440,"height":810,"url":"https:\/\/salesdorado.com\/wp-content\/uploads\/2020\/04\/kit-recrutement.jpg","type":"image\/jpeg"}],"twitter_card":"summary_large_image","twitter_misc":{"Est. tempo de leitura":"7 minutos"},"schema":{"@context":"https:\/\/schema.org","@graph":[{"@type":"WebPage","@id":"https:\/\/salesdorado.com\/pt-br\/contratar\/","url":"https:\/\/salesdorado.com\/pt-br\/contratar\/","name":"Contratar | Salesdorado","isPartOf":{"@id":"https:\/\/salesdorado.com\/pt-br\/#website"},"primaryImageOfPage":{"@id":"https:\/\/salesdorado.com\/pt-br\/contratar\/#primaryimage"},"image":{"@id":"https:\/\/salesdorado.com\/pt-br\/contratar\/#primaryimage"},"thumbnailUrl":"https:\/\/salesdorado.com\/wp-content\/uploads\/2020\/04\/kit-recrutement.jpg","datePublished":"2020-04-11T14:25:38+00:00","dateModified":"2023-05-11T14:19:44+00:00","breadcrumb":{"@id":"https:\/\/salesdorado.com\/pt-br\/contratar\/#breadcrumb"},"inLanguage":"pt-BR","potentialAction":[{"@type":"ReadAction","target":["https:\/\/salesdorado.com\/pt-br\/contratar\/"]}]},{"@type":"ImageObject","inLanguage":"pt-BR","@id":"https:\/\/salesdorado.com\/pt-br\/contratar\/#primaryimage","url":"https:\/\/salesdorado.com\/wp-content\/uploads\/2020\/04\/kit-recrutement.jpg","contentUrl":"https:\/\/salesdorado.com\/wp-content\/uploads\/2020\/04\/kit-recrutement.jpg","width":1440,"height":810},{"@type":"BreadcrumbList","@id":"https:\/\/salesdorado.com\/pt-br\/contratar\/#breadcrumb","itemListElement":[{"@type":"ListItem","position":1,"name":"Home","item":"https:\/\/salesdorado.com\/pt-br\/"},{"@type":"ListItem","position":2,"name":"Contratar"}]},{"@type":"WebSite","@id":"https:\/\/salesdorado.com\/pt-br\/#website","url":"https:\/\/salesdorado.com\/pt-br\/","name":"Salesdorado","description":"A m\u00eddia de refer\u00eancia para vendas B2B","publisher":{"@id":"https:\/\/salesdorado.com\/pt-br\/#organization"},"potentialAction":[{"@type":"SearchAction","target":{"@type":"EntryPoint","urlTemplate":"https:\/\/salesdorado.com\/pt-br\/?s={search_term_string}"},"query-input":{"@type":"PropertyValueSpecification","valueRequired":true,"valueName":"search_term_string"}}],"inLanguage":"pt-BR"},{"@type":"Organization","@id":"https:\/\/salesdorado.com\/pt-br\/#organization","name":"Salesdorado","url":"https:\/\/salesdorado.com\/pt-br\/","logo":{"@type":"ImageObject","inLanguage":"pt-BR","@id":"https:\/\/salesdorado.com\/pt-br\/#\/schema\/logo\/image\/","url":"https:\/\/salesdorado.com\/wp-content\/uploads\/2023\/09\/sdo-icon.png","contentUrl":"https:\/\/salesdorado.com\/wp-content\/uploads\/2023\/09\/sdo-icon.png","width":176,"height":176,"caption":"Salesdorado"},"image":{"@id":"https:\/\/salesdorado.com\/pt-br\/#\/schema\/logo\/image\/"}}]}},"_links":{"self":[{"href":"https:\/\/salesdorado.com\/pt-br\/wp-json\/wp\/v2\/pages\/39919","targetHints":{"allow":["GET"]}}],"collection":[{"href":"https:\/\/salesdorado.com\/pt-br\/wp-json\/wp\/v2\/pages"}],"about":[{"href":"https:\/\/salesdorado.com\/pt-br\/wp-json\/wp\/v2\/types\/page"}],"author":[{"embeddable":true,"href":"https:\/\/salesdorado.com\/pt-br\/wp-json\/wp\/v2\/users\/49"}],"replies":[{"embeddable":true,"href":"https:\/\/salesdorado.com\/pt-br\/wp-json\/wp\/v2\/comments?post=39919"}],"version-history":[{"count":0,"href":"https:\/\/salesdorado.com\/pt-br\/wp-json\/wp\/v2\/pages\/39919\/revisions"}],"wp:featuredmedia":[{"embeddable":true,"href":"https:\/\/salesdorado.com\/pt-br\/wp-json\/wp\/v2\/media\/16316"}],"wp:attachment":[{"href":"https:\/\/salesdorado.com\/pt-br\/wp-json\/wp\/v2\/media?parent=39919"}],"curies":[{"name":"wp","href":"https:\/\/api.w.org\/{rel}","templated":true}]}}